{"id":3292,"date":"2020-01-31T14:52:45","date_gmt":"2020-01-31T14:52:45","guid":{"rendered":"https:\/\/gtluxe.com\/?page_id=3292"},"modified":"2020-05-28T15:23:31","modified_gmt":"2020-05-28T15:23:31","slug":"alquiler-de-coches-de-lujo-en-mallorca","status":"publish","type":"page","link":"https:\/\/gtluxe.com\/es\/alquiler-de-coches-de-lujo-en-mallorca\/","title":{"rendered":"Alquiler de coches de lujo en Mallorca"},"content":{"rendered":"<p>[vc_row css=\u00bb.vc_custom_1579686312394{padding-top: 50px !important;}\u00bb][vc_column][vc_column_text]<\/p>\n<h1 style=\"text-align: left;\">Alquiler de coches de lujo en Mallorca con mucho Sol, comidas, playas, y una capital con mucho lujo que ofrecerle<\/h1>\n<p>[\/vc_column_text][\/vc_column][\/vc_row][vc_row css=\u00bb.vc_custom_1445496852478{margin-top: 40px !important;margin-bottom: 51px !important;}\u00bb][vc_column width=\u00bb1\/2&#8243; el_class=\u00bbstm-col-pad-right\u00bb][vc_column_text]<strong>Alquiler coche de lujo en Mallorca<\/strong>, como capital de las islas Baleares, es el destino perfecto para un verano en fam\u00edlia, o una escapada para conocer los encantos de la ciudad. Conduce en un <strong>lujoso coche de alquiler<\/strong> y descubre costas incre\u00edbles, el palacio real de la Almudaina, la gigantesca Catedral, o descanse y rel\u00e1jese en los Ba\u00f1os \u00e1rabes, y siempre acompa\u00f1ado de su <strong>coche de lujo de alquiler<\/strong> favorito.<\/p>\n<p>Disfrute de una calidad suprema con un <a href=\"https:\/\/gtluxe.com\/auto\/alquiler-audi-r8-spyder-v10-quattro\/\">Audi R8 Spyder<\/a>, <a href=\"https:\/\/gtluxe.com\/auto\/alquiler-ford-mustang\/\">Ford Mustang<\/a> o un elegante <a href=\"https:\/\/gtluxe.com\/auto\/alquiler-porsche-panamera\/\">Porsche Panamera<\/a>. Conduce por Mallorca en un impresionante <a href=\"https:\/\/gtluxe.com\/auto\/alquiler-ferrari-portofino\/\">Ferrari Portofino.<\/a> Descubre con su <strong>coche de lujo de alquiler<\/strong> los clubs, restaurantes cerca de las famosas calas del suroeste de Mallorca.<\/p>\n<p>Explore la costa rocosa, camine hasta la Cala d&#8217;Or, y contempla sus bah\u00edas de fiordos y playas de arena. <strong>Alquiler coche de lujo en Mallorca<\/strong> y disfrute de una experiencia \u00fanica en un para\u00edso. Conoce a los pintorescos pueblos costeros y centros tur\u00edsticos que ofrecen a la zona un alto contraste.[\/vc_column_text][\/vc_column][vc_column width=\u00bb1\/2&#8243; el_class=\u00bbstm-col-pad-left\u00bb][vc_column_text]Viajar por Mallorca con un <strong>alquiler de coche de lujo <\/strong>en\u00a0un <a href=\"https:\/\/gtluxe.com\/auto\/alquiler-porsche-718-boxster\/\">Porsche 718 Boxster<\/a> es una delicia con su potente motor y un rendimiento \u00fanico. Alquile ahora coche de lujo, elegante coche lujoso que ofrece una conducci\u00f3n c\u00f3moda con una infinidad de caracter\u00edsticas para que disfrute de una experiencia de conducci\u00f3n premium.<\/p>\n<p><strong>Alquiler coches de lujo en Mallorca con GTLuxe<\/strong> y siente el placer de conducir el coche de sus sue\u00f1os. <strong>Alquile coche de lujo<\/strong> para sus viajes con su fam\u00edlia, o eventos profesionales, de trabajo, celebraciones.<\/p>\n<p>No se preocupe por la recogida y la devoluci\u00f3n del coche, incluso si desea ampliar tiempo para explorar m\u00e1s la ciudad, o hacer m\u00e1s ruta. Recoja su autom\u00f3vil de lujo en cualquier lugar de Mallorca. Incluso si llega de un vuelo en cualquier aeropuerto, uno de nuestros agentes le estar\u00e1 esperando con su coche reservado, como un aut\u00e9ntico VIP.<\/p>\n<p>GTLuxe le ofrece un servicio integral y adaptado a cada cliente. Como empresa de <strong>alquiler de veh\u00edculos<\/strong>, estaremos encantados de recoger su <strong>alquiler de coches de lujo en cualquier lugar<\/strong> que elija como destino final en Mallorca.<\/p>\n<p>Con la opci\u00f3n de elegir entre autom\u00f3viles de lujo de gran prestigio, como un <a href=\"https:\/\/gtluxe.com\/auto\/alquiler-ferrari-f12-berlinetta\/\">Ferrari F12 Berlinetta<\/a> o un <a href=\"https:\/\/gtluxe.com\/auto\/alquiler-jaguar-f-type\/\">Jaguar F-Type<\/a>, su b\u00fasqueda de <strong>alquiler de autom\u00f3viles<\/strong> con GTLuxe. No lo dude, <strong>alquile un coche de lujo en Mallorca<\/strong>.[\/vc_column_text][\/vc_column][\/vc_row][vc_row][vc_column][stm_inventory_no_filter posts_per_page=\u00bb10&#8243;][\/vc_column][\/vc_row][vc_row stm_fullwidth=\u00bbyes\u00bb blackout_opacity=\u00bb20&#8243; css=\u00bb.vc_custom_1590665947001{margin-bottom: 0px !important;padding-top: 80px !important;background-position: 0 0 !important;background-repeat: no-repeat !important;}\u00bb][vc_column][vc_column_text el_class=\u00bblink-height\u00bb]<\/p>\n<div class=\"destination-box col-xs-12\">\n<h4><strong>Alquiler coches de lujo y deportivos en Espa\u00f1a:<\/strong><\/h4>\n<p><a href=\"https:\/\/gtluxe.com\/es\/alquiler-de-coches-de-lujo-en-madrid\/\">Alquilar coche de lujo Madrid\u00a0<\/a> \u00a0\u00b7\u00a0 <a href=\"https:\/\/gtluxe.com\/es\/alquiler-de-coches-de-lujo-en-barcelona\/\">Alquilar coche de lujo Barcelona<\/a>\u00a0 \u00b7\u00a0 <a href=\"https:\/\/gtluxe.com\/es\/alquiler-de-coches-de-lujo-en-marbella\/\">Alquilar coche de lujo Marbella<\/a>\u00a0 \u00a0\u00b7\u00a0 <a href=\"https:\/\/gtluxe.com\/es\/alquiler-de-coches-de-lujo-en-bilbao\/\">Alquilar coche de lujo Bilbao<\/a>\u00a0 \u00b7\u00a0 <a href=\"https:\/\/gtluxe.com\/es\/alquiler-de-coches-de-lujo-en-valladolid\/\">Alquilar coche de lujo Valladolid<\/a> \u00a0\u00a0\u00b7\u00a0\u00a0<a href=\"https:\/\/gtluxe.com\/es\/alquiler-de-coches-de-lujo-en-malaga\/\">Alquilar coche de lujo M\u00e1laga<\/a> \u00a0\u00a0\u00b7\u00a0\u00a0<a href=\"https:\/\/gtluxe.com\/es\/alquiler-de-coches-de-lujo-en-ibiza\/\">Alquilar coche de lujo Ibiza<\/a> \u00a0\u00b7\u00a0 <a href=\"https:\/\/gtluxe.com\/es\/alquiler-de-coches-de-lujo-en-granada\/\">Alquilar coche de lujo\u00a0Granada<\/a><\/p>\n<h4><strong>Alquiler coches de lujo y deportivos en Europa:<\/strong><\/h4>\n<p><a href=\"https:\/\/gtluxe.com\/es\/alquiler-coches-de-lujo-en-italia\/\">Alquilar coche de lujo Italia<\/a> \u00a0\u00b7 \u00a0<a href=\"https:\/\/gtluxe.com\/es\/alquiler-coches-de-lujo-en-luxemburgo\/\">Alquilar coche de lujo Luxemburgo<\/a> \u00a0\u00b7\u00a0\u00a0 <a href=\"https:\/\/gtluxe.com\/es\/alquiler-coches-de-lujo-en-monaco\/\">Alquilar coche de lujo\u00a0M\u00f3naco<\/a> \u00b7\u00a0 <a href=\"https:\/\/gtluxe.com\/es\/alquiler-coches-de-lujo-en-andorra\/\">Alquilar coche de lujo\u00a0Andorra<\/a> \u00a0\u00a0\u00b7\u00a0 <a href=\"https:\/\/gtluxe.com\/es\/alquiler-coches-de-lujo-en-espana\/\">Alquilar coche de lujo Espa\u00f1a<\/a> \u00a0\u00a0\u00b7\u00a0 <a href=\"https:\/\/gtluxe.com\/es\/alquiler-coches-de-lujo-en-suiza\/\">Alquilar coche de lujo Suiza<\/a><a href=\"https:\/\/gtluxe.com\/luxury-car-rental-in-switzerland\/\">\u00a0<\/a> \u00a0\u00b7 <a href=\"https:\/\/gtluxe.com\/es\/alquiler-coches-de-lujo-en-francia\/\">Alquilar coche de lujo Francia<\/a> \u00a0\u00b7\u00a0 <a href=\"https:\/\/gtluxe.com\/es\/alquiler-coches-de-lujo-en-portugal\/\">Alquilar coche de lujo\u00a0Portugal<\/a><\/p>\n<\/div>\n<div class=\"destination-box col-xs-12\">\n<h4><strong>GT Luxe alquiler de coches de lujo y deportivos, r\u00e1pido y f\u00e1cil:<\/strong><\/h4>\n<p><a href=\"https:\/\/gtluxe.com\/es\/auto\/alquiler-ferrari-458-italia\/\">Ferrari 458 Italia<\/a> \u00a0\u00a0\u00b7\u00a0\u00a0<a href=\"https:\/\/gtluxe.com\/es\/auto\/alquiler-lamborghini-huracan-performante-spyder\/\">Lamborghini Hurac\u00e1n Performante Spyder<\/a> \u00a0\u00a0\u00b7\u00a0\u00a0<a href=\"https:\/\/gtluxe.com\/es\/auto\/alquiler-porsche-911-carrera-4s-mkll-cabriolet\/\">Porsche 911 Carrera 4S Cabriolet <\/a>\u00a0\u00a0\u00b7\u00a0\u00a0<a href=\"https:\/\/gtluxe.com\/es\/auto\/alquiler-maserati-grancabrio-mc\/\">Maserati GranCabrio MC <\/a>\u00a0\u00a0\u00b7\u00a0\u00a0<a href=\"https:\/\/gtluxe.com\/es\/auto\/alquiler-lamborghini-huracan-spyder\/\">Lamborghini Huracan Spyder\u00a0<\/a> \u00a0\u00b7\u00a0 <a href=\"https:\/\/gtluxe.com\/es\/auto\/alquiler-ferrari-488-spider\/\">Ferrari 488 Spider <\/a>\u00a0 \u00b7 \u00a0\u00a0<a href=\"https:\/\/gtluxe.com\/es\/auto\/alquiler-range-rover-sport-phev\/\">Land Rover Range Rover Sport PHEV<\/a><\/p>\n<\/div>\n<div class=\"destination-box col-xs-12\">\n<h4><strong>Descubre nuestros modelos m\u00e1s populares:<\/strong><\/h4>\n<p><a href=\"https:\/\/gtluxe.com\/es\/auto\/alquiler-ferrari-california-turbo\/\">Alquiler Ferrari California Turbo <\/a>\u00a0\u00a0\u00b7\u00a0 <a href=\"https:\/\/gtluxe.com\/auto\/rent-an-ferrari-california-turbo\/\">Alquiler<\/a><a href=\"https:\/\/gtluxe.com\/es\/auto\/alquiler-audi-tt-rs-coupe\/\">\u00a0Audi TT RS Coup\u00e9 <\/a>\u00a0\u00a0\u00b7\u00a0 <a href=\"https:\/\/gtluxe.com\/es\/auto\/alquiler-maserati-granturismo\/\">Alquiler\u00a0Maserati GranTurismo<\/a> \u00a0\u00b7 <a href=\"https:\/\/gtluxe.com\/es\/auto\/alquiler-land-rover-range-rover-evoque-cabriolet\/\">Alquiler\u00a0Range Rover Evoque<\/a> \u00a0\u00a0\u00b7\u00a0 <a href=\"https:\/\/gtluxe.com\/es\/auto\/alquiler-audi-r8-coupe-v10-quattro\/\">Alquiler\u00a0Audi R8 V10 Spyder<\/a> \u00a0\u00b7 <a href=\"https:\/\/gtluxe.com\/es\/auto\/alquiler-ferrari-488-spider\/\">Alquiler\u00a0Ferrari 488 Spider<\/a> \u00a0\u00b7 <a href=\"https:\/\/gtluxe.com\/es\/auto\/alquiler-lamborghini-huracan-spyder\/\">Alquiler\u00a0Lamborghini Huracan Spyder<\/a> \u00a0\u00b7 <a href=\"https:\/\/gtluxe.com\/es\/auto\/alquiler-mercedes-amg-gt\/\">Alquiler\u00a0Mercedes AMG GT<\/a> \u00a0\u00a0\u00b7\u00a0\u00a0 <a href=\"https:\/\/gtluxe.com\/es\/auto\/alquiler-porsche-911-carrera-4s-mkll-cabriolet\/\">Alquiler\u00a0Porsche 911<\/a> \u00b7 <a href=\"https:\/\/gtluxe.com\/es\/auto\/alquiler-lamborghini-huracan-coupe\/\">Alquiler\u00a0Lamborghini Hurac\u00e1n Coup\u00e9<\/a> \u00b7 <a href=\"https:\/\/gtluxe.com\/es\/auto\/alquiler-range-rover-sport-phev\/\">Alquiler\u00a0Range Rover Sport<\/a> \u00b7\u00a0\u00a0 <a href=\"https:\/\/gtluxe.com\/es\/auto\/alquiler-ford-mustang\/\">Alquiler\u00a0Ford Mustang<\/a> \u00a0\u00b7 \u00a0 <a href=\"https:\/\/gtluxe.com\/es\/auto\/alquiler-bmw-z4-roadster\/\">Alquiler\u00a0BMW Z4 Roadster<\/a><\/p>\n<\/div>\n<p>[\/vc_column_text][\/vc_column][\/vc_row][vc_row css=\u00bb.vc_custom_1579686312394{padding-top: 50px !important;}\u00bb][vc_column][vc_column_text]<\/p>\n<h2>ALQUILER COCHES LUJO EN ESPA\u00d1A<\/h2>\n<p>[\/vc_column_text][\/vc_column][\/vc_row][vc_row css=\u00bb.vc_custom_1579601145744{padding-top: 50px !important;padding-bottom: 80px !important;}\u00bb][vc_column width=\u00bb1\/6&#8243;][vc_column_text]<\/p>\n<div class=\"containercities\">\n<p><img decoding=\"async\" class=\"imagecities\" style=\"width: 100%;\" src=\"https:\/\/gtluxe.com\/wp-content\/uploads\/2020\/01\/barcelona-gtluxe-rent-car.jpg\" alt=\"Avatar\" \/><\/p>\n<div class=\"middlecities\"><a class=\"textcities\" href=\"https:\/\/gtluxe.com\/auto\/?ciudad=barcelona\">Barcelona<\/a><\/div>\n<\/div>\n<p>[\/vc_column_text][\/vc_column][vc_column width=\u00bb1\/6&#8243;][vc_column_text]<\/p>\n<div class=\"containercities\">\n<p><img decoding=\"async\" class=\"imagecities\" style=\"width: 100%;\" src=\"https:\/\/gtluxe.com\/wp-content\/uploads\/2020\/01\/marbella-gtluxe-rent-car.jpg\" alt=\"Avatar\" \/><\/p>\n<div class=\"middlecities\"><a class=\"textcities\" href=\"https:\/\/gtluxe.com\/auto\/?ciudad=marbella\">Marbella<\/a><\/div>\n<\/div>\n<p>[\/vc_column_text][\/vc_column][vc_column width=\u00bb1\/6&#8243;][vc_column_text]<\/p>\n<div class=\"containercities\">\n<p><img decoding=\"async\" class=\"imagecities\" style=\"width: 100%;\" src=\"https:\/\/gtluxe.com\/wp-content\/uploads\/2020\/01\/madrid-gtluxe-rent-car.jpg\" alt=\"Madrid\" \/><\/p>\n<div class=\"middlecities\"><a class=\"textcities\" href=\"https:\/\/gtluxe.com\/auto\/?ciudad=madrid\">Madrid<\/a><\/div>\n<\/div>\n<p>[\/vc_column_text][\/vc_column][vc_column width=\u00bb1\/6&#8243;][vc_column_text]<\/p>\n<div class=\"containercities\">\n<p><img decoding=\"async\" class=\"imagecities\" style=\"width: 100%;\" src=\"https:\/\/gtluxe.com\/wp-content\/uploads\/2020\/01\/ibiza-gtluxe-rent-car.jpg\" alt=\"Ibiza\" \/><\/p>\n<div class=\"middlecities\"><a class=\"textcities\" href=\"https:\/\/gtluxe.com\/auto\/?ciudad=ibiza\">Ibiza<\/a><\/div>\n<\/div>\n<p>[\/vc_column_text][\/vc_column][vc_column width=\u00bb1\/6&#8243;][vc_column_text]<\/p>\n<div class=\"containercities\">\n<p><img decoding=\"async\" class=\"imagecities\" style=\"width: 100%;\" src=\"https:\/\/gtluxe.com\/wp-content\/uploads\/2020\/01\/sotogrande-gtluxe.png\" alt=\"Sotogrande\" \/><\/p>\n<div class=\"middlecities\"><a class=\"textcities\" href=\"https:\/\/gtluxe.com\/auto\/?ciudad=sotogrande\">Sotogrande<\/a><\/div>\n<\/div>\n<p>[\/vc_column_text][\/vc_column][vc_column width=\u00bb1\/6&#8243;][vc_column_text]<\/p>\n<div class=\"containercities\">\n<p><img decoding=\"async\" class=\"imagecities\" style=\"width: 100%;\" src=\"https:\/\/gtluxe.com\/wp-content\/uploads\/2020\/01\/mallorca-gtluxe.png\" alt=\"Mallorca\" \/><\/p>\n<div class=\"middlecities\"><a class=\"textcities\" href=\"https:\/\/gtluxe.com\/auto\/?ciudad=mallorca\">Mallorca<\/a><\/div>\n<\/div>\n<p>[\/vc_column_text][\/vc_column][\/vc_row]<\/p>\n","protected":false},"excerpt":{"rendered":"<p>[vc_row css=\u00bb.vc_custom_1579686312394{padding-top: 50px !important;}\u00bb][vc_column][vc_column_text] Alquiler de coches de lujo en Mallorca con mucho Sol, comidas, playas, y una capital con mucho lujo que ofrecerle [\/vc_column_text][\/vc_column][\/vc_row][vc_row css=\u00bb.vc_custom_1445496852478{margin-top: 40px !important;margin-bottom: 51px !important;}\u00bb][vc_column width=\u00bb1\/2&#8243; el_class=\u00bbstm-col-pad-right\u00bb][vc_column_text]Alquiler coche de lujo en Mallorca, como capital de las islas Baleares, es el destino perfecto para un verano en fam\u00edlia, o una escapada&#8230;<\/p>\n","protected":false},"author":5,"featured_media":0,"parent":0,"menu_order":0,"comment_status":"closed","ping_status":"closed","template":"","meta":{"footnotes":""},"yoast_head":"<!-- This site is optimized with the Yoast SEO plugin v19.3 - https:\/\/yoast.com\/wordpress\/plugins\/seo\/ -->\n<title>Alquiler de coches de lujo en Mallorca &#8902; Alquiler coches de lujo y deportivos<\/title>\n<meta name=\"description\" content=\"Alquila un Coche de Lujo en Mallorca con Ferrari, Porsche, Lamborghini. Entrega en Cualquier Lugar. Alquiler de coches de lujo y deportivos en Mallorca al mejor precio.\" \/>\n<meta name=\"robots\" content=\"index, follow, max-snippet:-1, max-image-preview:large, max-video-preview:-1\" \/>\n<link rel=\"canonical\" href=\"https:\/\/gtluxe.com\/es\/alquiler-de-coches-de-lujo-en-mallorca\/\" \/>\n<meta property=\"og:locale\" content=\"es_ES\" \/>\n<meta property=\"og:type\" content=\"article\" \/>\n<meta property=\"og:title\" content=\"Alquiler de coches de lujo en Mallorca &#8902; Alquiler coches de lujo y deportivos\" \/>\n<meta property=\"og:description\" content=\"Alquila un Coche de Lujo en Mallorca con Ferrari, Porsche, Lamborghini. Entrega en Cualquier Lugar. Alquiler de coches de lujo y deportivos en Mallorca al mejor precio.\" \/>\n<meta property=\"og:url\" content=\"https:\/\/gtluxe.com\/es\/alquiler-de-coches-de-lujo-en-mallorca\/\" \/>\n<meta property=\"og:site_name\" content=\"GTLUXE: Alquiler de coches de lujo y veh\u00edculos deportivos Ferrari, Lamborghini\" \/>\n<meta property=\"article:modified_time\" content=\"2020-05-28T15:23:31+00:00\" \/>\n<meta property=\"og:image\" content=\"https:\/\/gtluxe.com\/wp-content\/uploads\/2020\/01\/barcelona-gtluxe-rent-car.jpg\" \/>\n<meta name=\"twitter:card\" content=\"summary_large_image\" \/>\n<meta name=\"twitter:label1\" content=\"Tiempo de lectura\" \/>\n\t<meta name=\"twitter:data1\" content=\"4 minutos\" \/>\n<script type=\"application\/ld+json\" class=\"yoast-schema-graph\">{\"@context\":\"https:\/\/schema.org\",\"@graph\":[{\"@type\":\"WebSite\",\"@id\":\"https:\/\/gtluxe.com\/#website\",\"url\":\"https:\/\/gtluxe.com\/\",\"name\":\"GTLUXE: Alquiler de coches de lujo y veh\u00edculos deportivos Ferrari, Lamborghini\",\"description\":\"Alquiler de coches de lujo\",\"potentialAction\":[{\"@type\":\"SearchAction\",\"target\":{\"@type\":\"EntryPoint\",\"urlTemplate\":\"https:\/\/gtluxe.com\/?s={search_term_string}\"},\"query-input\":\"required name=search_term_string\"}],\"inLanguage\":\"es\"},{\"@type\":\"ImageObject\",\"inLanguage\":\"es\",\"@id\":\"https:\/\/gtluxe.com\/es\/alquiler-de-coches-de-lujo-en-mallorca\/#primaryimage\",\"url\":\"https:\/\/gtluxe.com\/wp-content\/uploads\/2020\/01\/barcelona-gtluxe-rent-car.jpg\",\"contentUrl\":\"https:\/\/gtluxe.com\/wp-content\/uploads\/2020\/01\/barcelona-gtluxe-rent-car.jpg\",\"width\":250,\"height\":250},{\"@type\":\"WebPage\",\"@id\":\"https:\/\/gtluxe.com\/es\/alquiler-de-coches-de-lujo-en-mallorca\/\",\"url\":\"https:\/\/gtluxe.com\/es\/alquiler-de-coches-de-lujo-en-mallorca\/\",\"name\":\"Alquiler de coches de lujo en Mallorca &#8902; Alquiler coches de lujo y deportivos\",\"isPartOf\":{\"@id\":\"https:\/\/gtluxe.com\/#website\"},\"primaryImageOfPage\":{\"@id\":\"https:\/\/gtluxe.com\/es\/alquiler-de-coches-de-lujo-en-mallorca\/#primaryimage\"},\"datePublished\":\"2020-01-31T14:52:45+00:00\",\"dateModified\":\"2020-05-28T15:23:31+00:00\",\"description\":\"Alquila un Coche de Lujo en Mallorca con Ferrari, Porsche, Lamborghini. Entrega en Cualquier Lugar. Alquiler de coches de lujo y deportivos en Mallorca al mejor precio.\",\"breadcrumb\":{\"@id\":\"https:\/\/gtluxe.com\/es\/alquiler-de-coches-de-lujo-en-mallorca\/#breadcrumb\"},\"inLanguage\":\"es\",\"potentialAction\":[{\"@type\":\"ReadAction\",\"target\":[\"https:\/\/gtluxe.com\/es\/alquiler-de-coches-de-lujo-en-mallorca\/\"]}]},{\"@type\":\"BreadcrumbList\",\"@id\":\"https:\/\/gtluxe.com\/es\/alquiler-de-coches-de-lujo-en-mallorca\/#breadcrumb\",\"itemListElement\":[{\"@type\":\"ListItem\",\"position\":1,\"name\":\"Portada\",\"item\":\"https:\/\/gtluxe.com\/es\/\"},{\"@type\":\"ListItem\",\"position\":2,\"name\":\"Alquiler de coches de lujo en Mallorca\"}]}]}<\/script>\n<!-- \/ Yoast SEO plugin. -->","yoast_head_json":{"title":"Alquiler de coches de lujo en Mallorca &#8902; Alquiler coches de lujo y deportivos","description":"Alquila un Coche de Lujo en Mallorca con Ferrari, Porsche, Lamborghini. Entrega en Cualquier Lugar. Alquiler de coches de lujo y deportivos en Mallorca al mejor precio.","robots":{"index":"index","follow":"follow","max-snippet":"max-snippet:-1","max-image-preview":"max-image-preview:large","max-video-preview":"max-video-preview:-1"},"canonical":"https:\/\/gtluxe.com\/es\/alquiler-de-coches-de-lujo-en-mallorca\/","og_locale":"es_ES","og_type":"article","og_title":"Alquiler de coches de lujo en Mallorca &#8902; Alquiler coches de lujo y deportivos","og_description":"Alquila un Coche de Lujo en Mallorca con Ferrari, Porsche, Lamborghini. Entrega en Cualquier Lugar. Alquiler de coches de lujo y deportivos en Mallorca al mejor precio.","og_url":"https:\/\/gtluxe.com\/es\/alquiler-de-coches-de-lujo-en-mallorca\/","og_site_name":"GTLUXE: Alquiler de coches de lujo y veh\u00edculos deportivos Ferrari, Lamborghini","article_modified_time":"2020-05-28T15:23:31+00:00","og_image":[{"url":"https:\/\/gtluxe.com\/wp-content\/uploads\/2020\/01\/barcelona-gtluxe-rent-car.jpg"}],"twitter_card":"summary_large_image","twitter_misc":{"Tiempo de lectura":"4 minutos"},"schema":{"@context":"https:\/\/schema.org","@graph":[{"@type":"WebSite","@id":"https:\/\/gtluxe.com\/#website","url":"https:\/\/gtluxe.com\/","name":"GTLUXE: Alquiler de coches de lujo y veh\u00edculos deportivos Ferrari, Lamborghini","description":"Alquiler de coches de lujo","potentialAction":[{"@type":"SearchAction","target":{"@type":"EntryPoint","urlTemplate":"https:\/\/gtluxe.com\/?s={search_term_string}"},"query-input":"required name=search_term_string"}],"inLanguage":"es"},{"@type":"ImageObject","inLanguage":"es","@id":"https:\/\/gtluxe.com\/es\/alquiler-de-coches-de-lujo-en-mallorca\/#primaryimage","url":"https:\/\/gtluxe.com\/wp-content\/uploads\/2020\/01\/barcelona-gtluxe-rent-car.jpg","contentUrl":"https:\/\/gtluxe.com\/wp-content\/uploads\/2020\/01\/barcelona-gtluxe-rent-car.jpg","width":250,"height":250},{"@type":"WebPage","@id":"https:\/\/gtluxe.com\/es\/alquiler-de-coches-de-lujo-en-mallorca\/","url":"https:\/\/gtluxe.com\/es\/alquiler-de-coches-de-lujo-en-mallorca\/","name":"Alquiler de coches de lujo en Mallorca &#8902; Alquiler coches de lujo y deportivos","isPartOf":{"@id":"https:\/\/gtluxe.com\/#website"},"primaryImageOfPage":{"@id":"https:\/\/gtluxe.com\/es\/alquiler-de-coches-de-lujo-en-mallorca\/#primaryimage"},"datePublished":"2020-01-31T14:52:45+00:00","dateModified":"2020-05-28T15:23:31+00:00","description":"Alquila un Coche de Lujo en Mallorca con Ferrari, Porsche, Lamborghini. Entrega en Cualquier Lugar. Alquiler de coches de lujo y deportivos en Mallorca al mejor precio.","breadcrumb":{"@id":"https:\/\/gtluxe.com\/es\/alquiler-de-coches-de-lujo-en-mallorca\/#breadcrumb"},"inLanguage":"es","potentialAction":[{"@type":"ReadAction","target":["https:\/\/gtluxe.com\/es\/alquiler-de-coches-de-lujo-en-mallorca\/"]}]},{"@type":"BreadcrumbList","@id":"https:\/\/gtluxe.com\/es\/alquiler-de-coches-de-lujo-en-mallorca\/#breadcrumb","itemListElement":[{"@type":"ListItem","position":1,"name":"Portada","item":"https:\/\/gtluxe.com\/es\/"},{"@type":"ListItem","position":2,"name":"Alquiler de coches de lujo en Mallorca"}]}]}},"_links":{"self":[{"href":"https:\/\/gtluxe.com\/es\/wp-json\/wp\/v2\/pages\/3292"}],"collection":[{"href":"https:\/\/gtluxe.com\/es\/wp-json\/wp\/v2\/pages"}],"about":[{"href":"https:\/\/gtluxe.com\/es\/wp-json\/wp\/v2\/types\/page"}],"author":[{"embeddable":true,"href":"https:\/\/gtluxe.com\/es\/wp-json\/wp\/v2\/users\/5"}],"replies":[{"embeddable":true,"href":"https:\/\/gtluxe.com\/es\/wp-json\/wp\/v2\/comments?post=3292"}],"version-history":[{"count":11,"href":"https:\/\/gtluxe.com\/es\/wp-json\/wp\/v2\/pages\/3292\/revisions"}],"predecessor-version":[{"id":1720587,"href":"https:\/\/gtluxe.com\/es\/wp-json\/wp\/v2\/pages\/3292\/revisions\/1720587"}],"wp:attachment":[{"href":"https:\/\/gtluxe.com\/es\/wp-json\/wp\/v2\/media?parent=3292"}],"curies":[{"name":"wp","href":"https:\/\/api.w.org\/{rel}","templated":true}]}}