{"id":370,"date":"2015-10-22T04:04:43","date_gmt":"2015-10-22T04:04:43","guid":{"rendered":"http:\/\/motors.stylemixthemes.com\/demo\/?page_id=370"},"modified":"2020-05-28T15:03:32","modified_gmt":"2020-05-28T15:03:32","slug":"sobre-nosotros","status":"publish","type":"page","link":"https:\/\/gtluxe.com\/es\/sobre-nosotros\/","title":{"rendered":"Alquiler coches de lujo con GT Luxe"},"content":{"rendered":"<p>[vc_row css=\u00bb.vc_custom_1445496852478{margin-top: 40px !important;margin-bottom: 51px !important;}\u00bb][vc_column width=\u00bb1\/2&#8243; el_class=\u00bbstm-col-pad-right\u00bb css=\u00bb.vc_custom_1580830914474{border-radius: 10px !important;}\u00bb][vc_column_text]<\/p>\n<h1><span style=\"color: #000000;\">Alquiler de coches de lujo y deportivos<\/span><\/h1>\n<h2>Alquiler coches de lujo por horas, para rodajes, publicidad, alquile coche de lujo para su boda o celebraci\u00f3n.<\/h2>\n<p>[\/vc_column_text][\/vc_column][vc_column width=\u00bb1\/2&#8243;][vc_column_text]<\/p>\n<p style=\"margin-bottom: 22px;\">Somos la empresa l\u00edder en Espa\u00f1a en el sector de las\u00a0<a href=\"https:\/\/www.formulagt.es\/\">experiencias con superdeportivos<\/a>\u00a0y veh\u00edculos de lujo y contamos con un equipo de m\u00e1s de 250 profesionales.<\/p>\n<p style=\"margin-bottom: 26px;\">Nuestros coches pueden ser recogidos y entregados en diversos puntos de la pen\u00ednsula, haciendo as\u00ed m\u00e1s f\u00e1cil tu experiencia. Puedes recogerlos en nuestras <a href=\"https:\/\/gtluxe.com\/contacto\/\">oficinas<\/a> o elegir el lugar t\u00fa mismo, por ejemplo, en tu hotel.<\/p>\n<p>En GTLuxe somos expertos en ofrecer el alquiler de autom\u00f3viles de lujo con m\u00e1s veh\u00edculos a escoger. Contamos con importante y extensa flota y cat\u00e1logo de modelos, para ofrecerle la mejor opci\u00f3n para su experiencia. Trabajamos con las marcas m\u00e1s reputadas del mundo en deportivos y coches de lujo.<\/p>\n<p><strong>Alquilar coche de lujo en Europa <\/strong>jam\u00e1s ha sido tan f\u00e1cil con GTLuxe. Solo con nosotros GTLuxe econtrar\u00e1 los \u00faltimos modelos actualizados, el coche de sus sue\u00f1os. Con GTLuxe puedes pedir un <a href=\"https:\/\/gtluxe.com\/alquiler-coches\/\">alquiler de coche<\/a> en <a href=\"https:\/\/gtluxe.com\/alquiler-coches\/\">cualquier ciudad<\/a> de Europa, comodamente y con las tarifas m\u00e1s elegantes.[\/vc_column_text][\/vc_column][\/vc_row][vc_row css=\u00bb.vc_custom_1582892403868{margin-top: 40px !important;}\u00bb][vc_column el_class=\u00bbstm-col-pad-right\u00bb css=\u00bb.vc_custom_1580830914474{border-radius: 10px !important;}\u00bb][vc_separator color=\u00bbchino\u00bb][\/vc_column][\/vc_row][vc_row css=\u00bb.vc_custom_1582892422174{padding-top: 60px !important;padding-bottom: 30px !important;}\u00bb][vc_column width=\u00bb1\/4&#8243; el_class=\u00bbstm-col-pad-right\u00bb][vc_hoverbox image=\u00bb1719570&#8243; primary_title=\u00bbPublicidad\u00bb primary_title_font_container=\u00bbcolor:%23ffffff\u00bb primary_title_google_fonts=\u00bbfont_family:Montserrat%3Aregular%2C700|font_style:700%20bold%20regular%3A700%3Anormal\u00bb hover_title=\u00bbPublicidad\u00bb use_custom_fonts_primary_title=\u00bbtrue\u00bb]<\/p>\n<div class=\"content\">\n<div class=\"content\">\n<p style=\"text-align: center;\">Alquiler coches de lujo y deportivos para Rodajes y Publicidad<\/p>\n<\/div>\n<\/div>\n<p>[\/vc_hoverbox][\/vc_column][vc_column width=\u00bb1\/4&#8243; el_class=\u00bbstm-col-pad-left\u00bb][vc_hoverbox image=\u00bb1720063&#8243; primary_title=\u00bbVIP\u00bb primary_title_font_container=\u00bbcolor:%23ffffff\u00bb primary_title_google_fonts=\u00bbfont_family:Montserrat%3Aregular%2C700|font_style:700%20bold%20regular%3A700%3Anormal\u00bb hover_title=\u00bbVIP\u00bb use_custom_fonts_primary_title=\u00bbtrue\u00bb]<\/p>\n<div class=\"content\">\n<div class=\"content\">\n<div class=\"content\">\n<p style=\"text-align: center;\">Alquiler coches de lujo y deportivos para empresas y grupos<\/p>\n<\/div>\n<\/div>\n<\/div>\n<p>[\/vc_hoverbox][\/vc_column][vc_column width=\u00bb1\/4&#8243;][vc_hoverbox image=\u00bb1720068&#8243; primary_title=\u00bbEventos\u00bb primary_title_font_container=\u00bbcolor:%23ffffff\u00bb primary_title_google_fonts=\u00bbfont_family:Montserrat%3Aregular%2C700|font_style:700%20bold%20regular%3A700%3Anormal\u00bb hover_title=\u00bbEventos\u00bb use_custom_fonts_primary_title=\u00bbtrue\u00bb]<\/p>\n<div class=\"content\">\n<div class=\"content\">\n<div class=\"content\">\n<p style=\"text-align: center;\">Alquiler coches de lujo y deportivos para eventos y celebraciones<\/p>\n<\/div>\n<\/div>\n<\/div>\n<p>[\/vc_hoverbox][\/vc_column][vc_column width=\u00bb1\/4&#8243;][vc_hoverbox image=\u00bb1719854&#8243; primary_title=\u00bb\u00daltimos modelos\u00bb primary_title_font_container=\u00bbcolor:%23ffffff\u00bb primary_title_google_fonts=\u00bbfont_family:Montserrat%3Aregular%2C700|font_style:700%20bold%20regular%3A700%3Anormal\u00bb hover_title=\u00bb\u00daltimos modelos\u00bb use_custom_fonts_primary_title=\u00bbtrue\u00bb]<\/p>\n<div class=\"content\">\n<div class=\"content\">\n<div class=\"content\">\n<p style=\"text-align: center;\">Alquiler coches de lujo y deportivos actualizados<\/p>\n<\/div>\n<\/div>\n<\/div>\n<p>[\/vc_hoverbox][\/vc_column][\/vc_row][vc_row css=\u00bb.vc_custom_1582892409076{margin-bottom: 51px !important;}\u00bb][vc_column el_class=\u00bbstm-col-pad-right\u00bb css=\u00bb.vc_custom_1580830914474{border-radius: 10px !important;}\u00bb][vc_separator color=\u00bbchino\u00bb][\/vc_column][\/vc_row][vc_row css=\u00bb.vc_custom_1445594570930{margin-bottom: 83px !important;}\u00bb][vc_column width=\u00bb1\/2&#8243; el_class=\u00bbstm-col-pad-right\u00bb][vc_single_image image=\u00bb3619&#8243; img_size=\u00bbfull\u00bb css=\u00bb.vc_custom_1580739270344{margin-bottom: 35px !important;}\u00bb][\/vc_column][vc_column width=\u00bb1\/2&#8243; el_class=\u00bbstm-col-pad-left\u00bb][vc_column_text][grw place_photo=\u00bbhttps:\/\/gtluxe.com\/wp-content\/uploads\/2015\/12\/favgtluxe.png\u00bb place_name=\u00bbGTLUXE \u00ae Luxury Car Rental\u00bb place_id=\u00bbChIJa-DnDuyjpBIR4oLMmzedm7k\u00bb reviews_lang=\u00bbes\u00bb pagination=\u00bb5&#8243; text_size=\u00bb120&#8243; refresh_reviews=true lazy_load_img=true reduce_avatars_size=true open_link=true nofollow_link=true][\/vc_column_text][\/vc_column][\/vc_row][vc_row stm_fullwidth=\u00bbyes\u00bb blackout_opacity=\u00bb20&#8243; css=\u00bb.vc_custom_1590665947001{margin-bottom: 0px !important;padding-top: 80px !important;background-position: 0 0 !important;background-repeat: no-repeat !important;}\u00bb][vc_column][vc_column_text el_class=\u00bblink-height\u00bb]<\/p>\n<div class=\"destination-box col-xs-12\">\n<h4><strong>Alquiler coches de lujo y deportivos en Espa\u00f1a:<\/strong><\/h4>\n<p><a href=\"https:\/\/gtluxe.com\/es\/alquiler-de-coches-de-lujo-en-madrid\/\">Alquilar coche de lujo Madrid\u00a0<\/a> \u00a0\u00b7\u00a0 <a href=\"https:\/\/gtluxe.com\/es\/alquiler-de-coches-de-lujo-en-barcelona\/\">Alquilar coche de lujo Barcelona<\/a>\u00a0 \u00b7\u00a0 <a href=\"https:\/\/gtluxe.com\/es\/alquiler-de-coches-de-lujo-en-marbella\/\">Alquilar coche de lujo Marbella<\/a>\u00a0 \u00a0\u00b7\u00a0 <a href=\"https:\/\/gtluxe.com\/es\/alquiler-de-coches-de-lujo-en-bilbao\/\">Alquilar coche de lujo Bilbao<\/a>\u00a0 \u00b7\u00a0 <a href=\"https:\/\/gtluxe.com\/es\/alquiler-de-coches-de-lujo-en-valladolid\/\">Alquilar coche de lujo Valladolid<\/a> \u00a0\u00a0\u00b7\u00a0\u00a0<a href=\"https:\/\/gtluxe.com\/es\/alquiler-de-coches-de-lujo-en-malaga\/\">Alquilar coche de lujo M\u00e1laga<\/a> \u00a0\u00a0\u00b7\u00a0\u00a0<a href=\"https:\/\/gtluxe.com\/es\/alquiler-de-coches-de-lujo-en-ibiza\/\">Alquilar coche de lujo Ibiza<\/a> \u00a0\u00b7\u00a0 <a href=\"https:\/\/gtluxe.com\/es\/alquiler-de-coches-de-lujo-en-granada\/\">Alquilar coche de lujo\u00a0Granada<\/a><\/p>\n<h4><strong>Alquiler coches de lujo y deportivos en Europa:<\/strong><\/h4>\n<p><a href=\"https:\/\/gtluxe.com\/es\/alquiler-coches-de-lujo-en-italia\/\">Alquilar coche de lujo Italia<\/a> \u00a0\u00b7 \u00a0<a href=\"https:\/\/gtluxe.com\/es\/alquiler-coches-de-lujo-en-luxemburgo\/\">Alquilar coche de lujo Luxemburgo<\/a> \u00a0\u00b7\u00a0\u00a0 <a href=\"https:\/\/gtluxe.com\/es\/alquiler-coches-de-lujo-en-monaco\/\">Alquilar coche de lujo\u00a0M\u00f3naco<\/a> \u00b7\u00a0 <a href=\"https:\/\/gtluxe.com\/es\/alquiler-coches-de-lujo-en-andorra\/\">Alquilar coche de lujo\u00a0Andorra<\/a> \u00a0\u00a0\u00b7\u00a0 <a href=\"https:\/\/gtluxe.com\/es\/alquiler-coches-de-lujo-en-espana\/\">Alquilar coche de lujo Espa\u00f1a<\/a> \u00a0\u00a0\u00b7\u00a0 <a href=\"https:\/\/gtluxe.com\/es\/alquiler-coches-de-lujo-en-suiza\/\">Alquilar coche de lujo Suiza<\/a><a href=\"https:\/\/gtluxe.com\/luxury-car-rental-in-switzerland\/\">\u00a0<\/a> \u00a0\u00b7 <a href=\"https:\/\/gtluxe.com\/es\/alquiler-coches-de-lujo-en-francia\/\">Alquilar coche de lujo Francia<\/a> \u00a0\u00b7\u00a0 <a href=\"https:\/\/gtluxe.com\/es\/alquiler-coches-de-lujo-en-portugal\/\">Alquilar coche de lujo\u00a0Portugal<\/a><\/p>\n<\/div>\n<div class=\"destination-box col-xs-12\">\n<h4><strong>GT Luxe alquiler de coches de lujo y deportivos, r\u00e1pido y f\u00e1cil:<\/strong><\/h4>\n<p><a href=\"https:\/\/gtluxe.com\/es\/auto\/alquiler-ferrari-458-italia\/\">Ferrari 458 Italia<\/a> \u00a0\u00a0\u00b7\u00a0\u00a0<a href=\"https:\/\/gtluxe.com\/es\/auto\/alquiler-lamborghini-huracan-performante-spyder\/\">Lamborghini Hurac\u00e1n Performante Spyder<\/a> \u00a0\u00a0\u00b7\u00a0\u00a0<a href=\"https:\/\/gtluxe.com\/es\/auto\/alquiler-porsche-911-carrera-4s-mkll-cabriolet\/\">Porsche 911 Carrera 4S Cabriolet <\/a>\u00a0\u00a0\u00b7\u00a0\u00a0<a href=\"https:\/\/gtluxe.com\/es\/auto\/alquiler-maserati-grancabrio-mc\/\">Maserati GranCabrio MC <\/a>\u00a0\u00a0\u00b7\u00a0\u00a0<a href=\"https:\/\/gtluxe.com\/es\/auto\/alquiler-lamborghini-huracan-spyder\/\">Lamborghini Huracan Spyder\u00a0<\/a> \u00a0\u00b7\u00a0 <a href=\"https:\/\/gtluxe.com\/es\/auto\/alquiler-ferrari-488-spider\/\">Ferrari 488 Spider <\/a>\u00a0 \u00b7 \u00a0\u00a0<a href=\"https:\/\/gtluxe.com\/es\/auto\/alquiler-range-rover-sport-phev\/\">Land Rover Range Rover Sport PHEV<\/a><\/p>\n<\/div>\n<div class=\"destination-box col-xs-12\">\n<h4><strong>Descubre nuestros modelos m\u00e1s populares:<\/strong><\/h4>\n<p><a href=\"https:\/\/gtluxe.com\/es\/auto\/alquiler-ferrari-california-turbo\/\">Alquiler Ferrari California Turbo <\/a>\u00a0\u00a0\u00b7\u00a0 <a href=\"https:\/\/gtluxe.com\/auto\/rent-an-ferrari-california-turbo\/\">Alquiler<\/a><a href=\"https:\/\/gtluxe.com\/es\/auto\/alquiler-audi-tt-rs-coupe\/\">\u00a0Audi TT RS Coup\u00e9 <\/a>\u00a0\u00a0\u00b7\u00a0 <a href=\"https:\/\/gtluxe.com\/es\/auto\/alquiler-maserati-granturismo\/\">Alquiler\u00a0Maserati GranTurismo<\/a> \u00a0\u00b7 <a href=\"https:\/\/gtluxe.com\/es\/auto\/alquiler-land-rover-range-rover-evoque-cabriolet\/\">Alquiler\u00a0Range Rover Evoque<\/a> \u00a0\u00a0\u00b7\u00a0 <a href=\"https:\/\/gtluxe.com\/es\/auto\/alquiler-audi-r8-coupe-v10-quattro\/\">Alquiler\u00a0Audi R8 V10 Spyder<\/a> \u00a0\u00b7 <a href=\"https:\/\/gtluxe.com\/es\/auto\/alquiler-ferrari-488-spider\/\">Alquiler\u00a0Ferrari 488 Spider<\/a> \u00a0\u00b7 <a href=\"https:\/\/gtluxe.com\/es\/auto\/alquiler-lamborghini-huracan-spyder\/\">Alquiler\u00a0Lamborghini Huracan Spyder<\/a> \u00a0\u00b7 <a href=\"https:\/\/gtluxe.com\/es\/auto\/alquiler-mercedes-amg-gt\/\">Alquiler\u00a0Mercedes AMG GT<\/a> \u00a0\u00a0\u00b7\u00a0\u00a0 <a href=\"https:\/\/gtluxe.com\/es\/auto\/alquiler-porsche-911-carrera-4s-mkll-cabriolet\/\">Alquiler\u00a0Porsche 911<\/a> \u00b7 <a href=\"https:\/\/gtluxe.com\/es\/auto\/alquiler-lamborghini-huracan-coupe\/\">Alquiler\u00a0Lamborghini Hurac\u00e1n Coup\u00e9<\/a> \u00b7 <a href=\"https:\/\/gtluxe.com\/es\/auto\/alquiler-range-rover-sport-phev\/\">Alquiler\u00a0Range Rover Sport<\/a> \u00b7\u00a0\u00a0 <a href=\"https:\/\/gtluxe.com\/es\/auto\/alquiler-ford-mustang\/\">Alquiler\u00a0Ford Mustang<\/a> \u00a0\u00b7 \u00a0 <a href=\"https:\/\/gtluxe.com\/es\/auto\/alquiler-bmw-z4-roadster\/\">Alquiler\u00a0BMW Z4 Roadster<\/a><\/p>\n<\/div>\n<p>[\/vc_column_text][\/vc_column][\/vc_row]<\/p>\n","protected":false},"excerpt":{"rendered":"<p>[vc_row css=\u00bb.vc_custom_1445496852478{margin-top: 40px !important;margin-bottom: 51px !important;}\u00bb][vc_column width=\u00bb1\/2&#8243; el_class=\u00bbstm-col-pad-right\u00bb css=\u00bb.vc_custom_1580830914474{border-radius: 10px !important;}\u00bb][vc_column_text] Alquiler de coches de lujo y deportivos Alquiler coches de lujo por horas, para rodajes, publicidad, alquile coche de lujo para su boda o celebraci\u00f3n. [\/vc_column_text][\/vc_column][vc_column width=\u00bb1\/2&#8243;][vc_column_text] Somos la empresa l\u00edder en Espa\u00f1a en el sector de las\u00a0experiencias con superdeportivos\u00a0y veh\u00edculos de lujo y&#8230;<\/p>\n","protected":false},"author":5,"featured_media":0,"parent":0,"menu_order":0,"comment_status":"closed","ping_status":"closed","template":"","meta":{"footnotes":""},"yoast_head":"<!-- This site is optimized with the Yoast SEO plugin v19.3 - https:\/\/yoast.com\/wordpress\/plugins\/seo\/ -->\n<title>Alquiler coches de lujo con GT Luxe &#8902; Alquiler coches de lujo y deportivos<\/title>\n<meta name=\"description\" content=\"Alquiler coches de lujo y deportivos con Ferrari, Porsche, Lamborghini. Entrega en Cualquier Lugar. Alquiler de coches de lujo y deportivos al mejor precio.\" \/>\n<meta name=\"robots\" content=\"index, follow, max-snippet:-1, max-image-preview:large, max-video-preview:-1\" \/>\n<link rel=\"canonical\" href=\"https:\/\/gtluxe.com\/es\/sobre-nosotros\/\" \/>\n<meta property=\"og:locale\" content=\"es_ES\" \/>\n<meta property=\"og:type\" content=\"article\" \/>\n<meta property=\"og:title\" content=\"Alquiler coches de lujo con GT Luxe &#8902; Alquiler coches de lujo y deportivos\" \/>\n<meta property=\"og:description\" content=\"Alquiler coches de lujo y deportivos con Ferrari, Porsche, Lamborghini. Entrega en Cualquier Lugar. Alquiler de coches de lujo y deportivos al mejor precio.\" \/>\n<meta property=\"og:url\" content=\"https:\/\/gtluxe.com\/es\/sobre-nosotros\/\" \/>\n<meta property=\"og:site_name\" content=\"GTLUXE: Alquiler de coches de lujo y veh\u00edculos deportivos Ferrari, Lamborghini\" \/>\n<meta property=\"article:modified_time\" content=\"2020-05-28T15:03:32+00:00\" \/>\n<meta name=\"twitter:card\" content=\"summary_large_image\" \/>\n<meta name=\"twitter:label1\" content=\"Tiempo de lectura\" \/>\n\t<meta name=\"twitter:data1\" content=\"4 minutos\" \/>\n<script type=\"application\/ld+json\" class=\"yoast-schema-graph\">{\"@context\":\"https:\/\/schema.org\",\"@graph\":[{\"@type\":\"WebSite\",\"@id\":\"https:\/\/gtluxe.com\/#website\",\"url\":\"https:\/\/gtluxe.com\/\",\"name\":\"GTLUXE: Alquiler de coches de lujo y veh\u00edculos deportivos Ferrari, Lamborghini\",\"description\":\"Alquiler de coches de lujo\",\"potentialAction\":[{\"@type\":\"SearchAction\",\"target\":{\"@type\":\"EntryPoint\",\"urlTemplate\":\"https:\/\/gtluxe.com\/?s={search_term_string}\"},\"query-input\":\"required name=search_term_string\"}],\"inLanguage\":\"es\"},{\"@type\":\"WebPage\",\"@id\":\"https:\/\/gtluxe.com\/es\/sobre-nosotros\/\",\"url\":\"https:\/\/gtluxe.com\/es\/sobre-nosotros\/\",\"name\":\"Alquiler coches de lujo con GT Luxe &#8902; Alquiler coches de lujo y deportivos\",\"isPartOf\":{\"@id\":\"https:\/\/gtluxe.com\/#website\"},\"datePublished\":\"2015-10-22T04:04:43+00:00\",\"dateModified\":\"2020-05-28T15:03:32+00:00\",\"description\":\"Alquiler coches de lujo y deportivos con Ferrari, Porsche, Lamborghini. Entrega en Cualquier Lugar. Alquiler de coches de lujo y deportivos al mejor precio.\",\"breadcrumb\":{\"@id\":\"https:\/\/gtluxe.com\/es\/sobre-nosotros\/#breadcrumb\"},\"inLanguage\":\"es\",\"potentialAction\":[{\"@type\":\"ReadAction\",\"target\":[\"https:\/\/gtluxe.com\/es\/sobre-nosotros\/\"]}]},{\"@type\":\"BreadcrumbList\",\"@id\":\"https:\/\/gtluxe.com\/es\/sobre-nosotros\/#breadcrumb\",\"itemListElement\":[{\"@type\":\"ListItem\",\"position\":1,\"name\":\"Portada\",\"item\":\"https:\/\/gtluxe.com\/es\/\"},{\"@type\":\"ListItem\",\"position\":2,\"name\":\"Alquiler coches de lujo con GT Luxe\"}]}]}<\/script>\n<!-- \/ Yoast SEO plugin. -->","yoast_head_json":{"title":"Alquiler coches de lujo con GT Luxe &#8902; Alquiler coches de lujo y deportivos","description":"Alquiler coches de lujo y deportivos con Ferrari, Porsche, Lamborghini. Entrega en Cualquier Lugar. Alquiler de coches de lujo y deportivos al mejor precio.","robots":{"index":"index","follow":"follow","max-snippet":"max-snippet:-1","max-image-preview":"max-image-preview:large","max-video-preview":"max-video-preview:-1"},"canonical":"https:\/\/gtluxe.com\/es\/sobre-nosotros\/","og_locale":"es_ES","og_type":"article","og_title":"Alquiler coches de lujo con GT Luxe &#8902; Alquiler coches de lujo y deportivos","og_description":"Alquiler coches de lujo y deportivos con Ferrari, Porsche, Lamborghini. Entrega en Cualquier Lugar. Alquiler de coches de lujo y deportivos al mejor precio.","og_url":"https:\/\/gtluxe.com\/es\/sobre-nosotros\/","og_site_name":"GTLUXE: Alquiler de coches de lujo y veh\u00edculos deportivos Ferrari, Lamborghini","article_modified_time":"2020-05-28T15:03:32+00:00","twitter_card":"summary_large_image","twitter_misc":{"Tiempo de lectura":"4 minutos"},"schema":{"@context":"https:\/\/schema.org","@graph":[{"@type":"WebSite","@id":"https:\/\/gtluxe.com\/#website","url":"https:\/\/gtluxe.com\/","name":"GTLUXE: Alquiler de coches de lujo y veh\u00edculos deportivos Ferrari, Lamborghini","description":"Alquiler de coches de lujo","potentialAction":[{"@type":"SearchAction","target":{"@type":"EntryPoint","urlTemplate":"https:\/\/gtluxe.com\/?s={search_term_string}"},"query-input":"required name=search_term_string"}],"inLanguage":"es"},{"@type":"WebPage","@id":"https:\/\/gtluxe.com\/es\/sobre-nosotros\/","url":"https:\/\/gtluxe.com\/es\/sobre-nosotros\/","name":"Alquiler coches de lujo con GT Luxe &#8902; Alquiler coches de lujo y deportivos","isPartOf":{"@id":"https:\/\/gtluxe.com\/#website"},"datePublished":"2015-10-22T04:04:43+00:00","dateModified":"2020-05-28T15:03:32+00:00","description":"Alquiler coches de lujo y deportivos con Ferrari, Porsche, Lamborghini. Entrega en Cualquier Lugar. Alquiler de coches de lujo y deportivos al mejor precio.","breadcrumb":{"@id":"https:\/\/gtluxe.com\/es\/sobre-nosotros\/#breadcrumb"},"inLanguage":"es","potentialAction":[{"@type":"ReadAction","target":["https:\/\/gtluxe.com\/es\/sobre-nosotros\/"]}]},{"@type":"BreadcrumbList","@id":"https:\/\/gtluxe.com\/es\/sobre-nosotros\/#breadcrumb","itemListElement":[{"@type":"ListItem","position":1,"name":"Portada","item":"https:\/\/gtluxe.com\/es\/"},{"@type":"ListItem","position":2,"name":"Alquiler coches de lujo con GT Luxe"}]}]}},"_links":{"self":[{"href":"https:\/\/gtluxe.com\/es\/wp-json\/wp\/v2\/pages\/370"}],"collection":[{"href":"https:\/\/gtluxe.com\/es\/wp-json\/wp\/v2\/pages"}],"about":[{"href":"https:\/\/gtluxe.com\/es\/wp-json\/wp\/v2\/types\/page"}],"author":[{"embeddable":true,"href":"https:\/\/gtluxe.com\/es\/wp-json\/wp\/v2\/users\/5"}],"replies":[{"embeddable":true,"href":"https:\/\/gtluxe.com\/es\/wp-json\/wp\/v2\/comments?post=370"}],"version-history":[{"count":41,"href":"https:\/\/gtluxe.com\/es\/wp-json\/wp\/v2\/pages\/370\/revisions"}],"predecessor-version":[{"id":1720558,"href":"https:\/\/gtluxe.com\/es\/wp-json\/wp\/v2\/pages\/370\/revisions\/1720558"}],"wp:attachment":[{"href":"https:\/\/gtluxe.com\/es\/wp-json\/wp\/v2\/media?parent=370"}],"curies":[{"name":"wp","href":"https:\/\/api.w.org\/{rel}","templated":true}]}}