{"id":3852,"date":"2020-02-06T14:47:37","date_gmt":"2020-02-06T14:47:37","guid":{"rendered":"https:\/\/gtluxe.com\/?page_id=3852"},"modified":"2020-05-28T15:05:59","modified_gmt":"2020-05-28T15:05:59","slug":"alquiler-coches-de-lujo-en-italia","status":"publish","type":"page","link":"https:\/\/gtluxe.com\/es\/alquiler-coches-de-lujo-en-italia\/","title":{"rendered":"Alquiler coches de lujo en Italia"},"content":{"rendered":"<p>[vc_row css=\u00bb.vc_custom_1579686312394{padding-top: 50px !important;}\u00bb][vc_column][vc_column_text]<\/p>\n<h2>ALQUILER COCHES LUJO EN CIUDADES DE ITALIA<\/h2>\n<p>[\/vc_column_text][\/vc_column][\/vc_row][vc_row css=\u00bb.vc_custom_1579601145744{padding-top: 50px !important;padding-bottom: 80px !important;}\u00bb][vc_column width=\u00bb1\/6&#8243;][vc_column_text]<\/p>\n<div class=\"containercities\">\n<p><img decoding=\"async\" class=\"imagecities\" style=\"width: 100%;\" src=\"https:\/\/gtluxe.com\/wp-content\/uploads\/2020\/01\/venecia-gtluxe.png\" alt=\"Venecia\" \/><\/p>\n<div class=\"middlecities\"><a class=\"textcities\" href=\"https:\/\/gtluxe.com\/auto\/?ciudad=venecia\">Venecia<\/a><\/div>\n<\/div>\n<p>[\/vc_column_text][\/vc_column][vc_column width=\u00bb1\/6&#8243;][vc_column_text]<\/p>\n<div class=\"containercities\">\n<p><img decoding=\"async\" class=\"imagecities\" style=\"width: 100%;\" src=\"https:\/\/gtluxe.com\/wp-content\/uploads\/2020\/01\/roma-gtluxe.png\" alt=\"Roma\" \/><\/p>\n<div class=\"middlecities\"><a class=\"textcities\" href=\"https:\/\/gtluxe.com\/auto\/?ciudad=roma\">Roma<\/a><\/div>\n<\/div>\n<p>[\/vc_column_text][\/vc_column][vc_column width=\u00bb1\/6&#8243;][vc_column_text]<\/p>\n<div class=\"containercities\">\n<p><img decoding=\"async\" class=\"imagecities\" style=\"width: 100%;\" src=\"https:\/\/gtluxe.com\/wp-content\/uploads\/2020\/01\/portofino-gtluxe.png\" alt=\"Portofino\" \/><\/p>\n<div class=\"middlecities\"><a class=\"textcities\" href=\"https:\/\/gtluxe.com\/auto\/?ciudad=portofino\">Portofino<\/a><\/div>\n<\/div>\n<p>[\/vc_column_text][\/vc_column][vc_column width=\u00bb1\/6&#8243;][vc_column_text]<\/p>\n<div class=\"containercities\">\n<p><img decoding=\"async\" class=\"imagecities\" style=\"width: 100%;\" src=\"https:\/\/gtluxe.com\/wp-content\/uploads\/2020\/01\/napoles-gtluxe.png\" alt=\"N\u00e1poles\" \/><\/p>\n<div class=\"middlecities\"><a class=\"textcities\" href=\"https:\/\/gtluxe.com\/auto\/?ciudad=napoles\">N\u00e1poles<\/a><\/div>\n<\/div>\n<p>[\/vc_column_text][\/vc_column][vc_column width=\u00bb1\/6&#8243;][vc_column_text]<\/p>\n<div class=\"containercities\">\n<p><img decoding=\"async\" class=\"imagecities\" style=\"width: 100%;\" src=\"https:\/\/gtluxe.com\/wp-content\/uploads\/2020\/01\/florencia-gtluxe.png\" alt=\"Florencia\" \/><\/p>\n<div class=\"middlecities\"><a class=\"textcities\" href=\"https:\/\/gtluxe.com\/auto\/?ciudad=florencia\">Florencia<\/a><\/div>\n<\/div>\n<p>[\/vc_column_text][\/vc_column][vc_column width=\u00bb1\/6&#8243;][vc_column_text]<\/p>\n<div class=\"containercities\">\n<p><img decoding=\"async\" class=\"imagecities\" style=\"width: 100%;\" src=\"https:\/\/gtluxe.com\/wp-content\/uploads\/2015\/12\/milanp1.jpg\" alt=\"Mil\u00e1n\" \/><\/p>\n<div class=\"middlecities\"><a class=\"textcities\" href=\"https:\/\/gtluxe.com\/auto\/?ciudad=milan\">Mil\u00e1n<\/a><\/div>\n<\/div>\n<p>[\/vc_column_text][\/vc_column][\/vc_row][vc_row css=\u00bb.vc_custom_1579686312394{padding-top: 50px !important;}\u00bb][vc_column][vc_column_text]<\/p>\n<h1 style=\"text-align: left;\">Alquiler coches de lujo en Italia y la casa del lujo, de largos paisajes, flamantes atardeceres, y ciudades que brillan por su encanto<\/h1>\n<p>[\/vc_column_text][\/vc_column][\/vc_row][vc_row css=\u00bb.vc_custom_1445496852478{margin-top: 40px !important;margin-bottom: 51px !important;}\u00bb][vc_column width=\u00bb1\/2&#8243; el_class=\u00bbstm-col-pad-right\u00bb][vc_column_text]<strong>Alquiler de coches de lujo en Italia<\/strong>, y disfrute de las vacaciones de Italia de su vida cuando <strong>alquilas un coche de lujo<\/strong> para competir con el encanto de este pa\u00eds. Un coche se disfruta visitando sitios que marquen un antes y un despu\u00e9s; la comida, la naturaleza, el arte y la moda, es probable que te enamores de Italia. Alquile un <a href=\"https:\/\/gtluxe.com\/auto\/?make=ferrari\">Ferrari<\/a> en Italia. Nuestros coches de <strong>alquiler de lujo en Italia<\/strong> ofrecen a los visitantes una opci\u00f3n muy atractiva de veh\u00edculos <a href=\"https:\/\/gtluxe.com\/auto\/?make=ferrari\">Ferrari<\/a>, elija entre el <a href=\"https:\/\/gtluxe.com\/auto\/alquiler-ferrari-gtc4lusso\/\">Ferrari GTC4 Lusso<\/a>, uno de los coches deportivos m\u00e1s r\u00e1pidos, m\u00e1s equilibrados jam\u00e1s fabricados, y el <a href=\"https:\/\/gtluxe.com\/auto\/alquiler-ferrari-f12-berlinetta\/\">Ferrari F12 Berlinetta<\/a>, una maravilla que ya puede alquilar muy f\u00e1cilmente a trav\u00e9s de nuestro formulario de reserva.<\/p>\n<p>Es hora de viajar a Italia y seducir con la elegancia y la potencia de su coche deportivo, sum\u00e9rgase en un estilo de vida de lujo jam\u00e1s visto. Visite cada rinc\u00f3n de sus ciudades, de <a href=\"https:\/\/gtluxe.com\/auto\/?ciudad=roma\">Roma<\/a> y sus monumentos de la cultura de las antiguas reliquias de la historia romana, que a\u00fan son testimonio de la grandeza del Imperio Romano, hace ya mucho tiempo.<\/p>\n<p><a href=\"https:\/\/gtluxe.com\/auto\/?ciudad=venecia\"><strong>Alquile coche de lujo en Venecia<\/strong><\/a> y d\u00e9jese llevar por el romance de los canales venecianos. Alquile coches de lujo en Italia, y de alto rendimiento. Italia es el pa\u00eds del lujo y del refinamiento del mundo del autom\u00f3vil.<\/p>\n<p>Cuando <strong>alquila un coche de lujo en Italia<\/strong>, va a experimentar la emoci\u00f3n del automovilismo de alto rendimiento y la calidad automotriz al m\u00e1s alto nivel. <strong>Alquile uno de nuestros coches de lujo<\/strong> en el aeropuerto de <a href=\"https:\/\/gtluxe.com\/auto\/?ciudad=milan\">Mil\u00e1n <\/a>para un traslado de primera clase a su hotel, en el centro de la ciudad de Mil\u00e1n o a una reuni\u00f3n de negocios, alquile un <a href=\"https:\/\/gtluxe.com\/auto\/alquiler-porsche-911-turbo\/\">Porsche 911 Turbo<\/a> o un <a href=\"https:\/\/gtluxe.com\/auto\/alquiler-lamborghini-aventador-s\/\">Lamborghini Aventador<\/a> para un lujoso viaje por el espectacular campo de Lombard\u00eda y el lago de Garda. Visite la ciudad tur\u00edstica de lujo de <a href=\"https:\/\/gtluxe.com\/auto\/?ciudad=portofino\">Portofino<\/a>, en la costa de Liguria de Italia, desde donde puede recorrer la carretera costera para experimentar el magn\u00edfico espect\u00e1culo de los pueblos de alrededor.<\/p>\n<p>Un <strong>alquiler de Ferrari en Italia<\/strong> le transmite la fuerza y la elegancia para pasear a su aire, por ejemplo por la pintoresca campi\u00f1a de la Toscana, ver el arte de <a href=\"https:\/\/gtluxe.com\/auto\/?ciudad=florencia\">Florencia<\/a> y contemplar la moda de <a href=\"https:\/\/gtluxe.com\/auto\/?ciudad=milan\">Mil\u00e1n<\/a>. Conduzca un <a href=\"https:\/\/gtluxe.com\/auto\/alquiler-ferrari-458-italia\/\">Ferrari 458 Italia<\/a> para experimentar un rom\u00e1ntico paseo junto un atardecer en el mar, recorriendo las costas de Cerde\u00f1a.[\/vc_column_text][\/vc_column][vc_column width=\u00bb1\/2&#8243; el_class=\u00bbstm-col-pad-left\u00bb][vc_column_text]Elija el coche de alquiler de lujo de sus sue\u00f1os en Italia de marcas de prestigio como <a href=\"https:\/\/gtluxe.com\/auto\/?make=bmw\">BMW<\/a>, <a href=\"https:\/\/gtluxe.com\/auto\/?make=mercedes-benz\">Mercedes<\/a>, <a href=\"https:\/\/gtluxe.com\/auto\/?make=audi\">Audi<\/a> y <a href=\"https:\/\/gtluxe.com\/auto\/?make=porsche\">Porsche<\/a>, y disfrute de un servicio de primer nivel desde el momento de su llegada. Reserve el <a href=\"https:\/\/gtluxe.com\/auto\/alquiler-bmw-m6-gran-coupe\/\">BMW M6 Gran Coup\u00e9<\/a> para viajar a los principales destinos italianos como <a href=\"https:\/\/gtluxe.com\/auto\/?ciudad=milan\">Mil\u00e1n<\/a>, <a href=\"https:\/\/gtluxe.com\/auto\/?ciudad=roma\">Roma<\/a> y <a href=\"https:\/\/gtluxe.com\/auto\/?ciudad=florencia\">Florencia<\/a>.<\/p>\n<p>Desde cualquier lugar del mundo en el que se encuentre, reserve un alquiler internacional de coches para organizar el mejor alquiler al mejor precio para sus vacaciones en Italia. Nuestro servicio de alquiler de autos en l\u00ednea hace que el proceso de organizar su alquiler de coches de lujo sea lo m\u00e1s r\u00e1pido y sencillo posible y al precio m\u00e1s competitivo.<\/p>\n<p>No se preocupe por la recogida y la devoluci\u00f3n del coche, incluso si desea ampliar tiempo para explorar m\u00e1s la ciudad, o hacer m\u00e1s ruta. Recoja su autom\u00f3vil de lujo en cualquier lugar de Italia. Incluso si llega de un vuelo en cualquier aeropuerto, uno de nuestros agentes le estar\u00e1 esperando con su coche reservado, como un aut\u00e9ntico <strong>VIP<\/strong>.<\/p>\n<p>GTLuxe le ofrece un servicio integral y adaptado a cada cliente. Como empresa de <strong>alquiler de veh\u00edculos<\/strong>, estaremos encantados de recoger su <strong>alquiler de coches de lujo en cualquier lugar<\/strong> que elija como destino final en Italia.<\/p>\n<p>Con la opci\u00f3n de elegir entre autom\u00f3viles de lujo de gran prestigio, como un <a href=\"https:\/\/gtluxe.com\/auto\/alquiler-ferrari-f12-berlinetta\/\">Ferrari F12 Berlinetta<\/a> o un <a href=\"https:\/\/gtluxe.com\/auto\/alquiler-jaguar-f-type\/\">Jaguar F-Type<\/a>, su b\u00fasqueda de <strong>alquiler de coches<\/strong> con GTLuxe. No lo dude, <strong>alquile un coche de lujo en Italia<\/strong>.[\/vc_column_text][\/vc_column][\/vc_row][vc_row][vc_column][stm_inventory_no_filter posts_per_page=\u00bb10&#8243;][\/vc_column][\/vc_row][vc_row stm_fullwidth=\u00bbyes\u00bb blackout_opacity=\u00bb20&#8243; css=\u00bb.vc_custom_1590665947001{margin-bottom: 0px !important;padding-top: 80px !important;background-position: 0 0 !important;background-repeat: no-repeat !important;}\u00bb][vc_column][vc_column_text el_class=\u00bblink-height\u00bb]<\/p>\n<div class=\"destination-box col-xs-12\">\n<h4><strong>Alquiler coches de lujo y deportivos en Espa\u00f1a:<\/strong><\/h4>\n<p><a href=\"https:\/\/gtluxe.com\/es\/alquiler-de-coches-de-lujo-en-madrid\/\">Alquilar coche de lujo Madrid\u00a0<\/a> \u00a0\u00b7\u00a0 <a href=\"https:\/\/gtluxe.com\/es\/alquiler-de-coches-de-lujo-en-barcelona\/\">Alquilar coche de lujo Barcelona<\/a>\u00a0 \u00b7\u00a0 <a href=\"https:\/\/gtluxe.com\/es\/alquiler-de-coches-de-lujo-en-marbella\/\">Alquilar coche de lujo Marbella<\/a>\u00a0 \u00a0\u00b7\u00a0 <a href=\"https:\/\/gtluxe.com\/es\/alquiler-de-coches-de-lujo-en-bilbao\/\">Alquilar coche de lujo Bilbao<\/a>\u00a0 \u00b7\u00a0 <a href=\"https:\/\/gtluxe.com\/es\/alquiler-de-coches-de-lujo-en-valladolid\/\">Alquilar coche de lujo Valladolid<\/a> \u00a0\u00a0\u00b7\u00a0\u00a0<a href=\"https:\/\/gtluxe.com\/es\/alquiler-de-coches-de-lujo-en-malaga\/\">Alquilar coche de lujo M\u00e1laga<\/a> \u00a0\u00a0\u00b7\u00a0\u00a0<a href=\"https:\/\/gtluxe.com\/es\/alquiler-de-coches-de-lujo-en-ibiza\/\">Alquilar coche de lujo Ibiza<\/a> \u00a0\u00b7\u00a0 <a href=\"https:\/\/gtluxe.com\/es\/alquiler-de-coches-de-lujo-en-granada\/\">Alquilar coche de lujo\u00a0Granada<\/a><\/p>\n<h4><strong>Alquiler coches de lujo y deportivos en Europa:<\/strong><\/h4>\n<p><a href=\"https:\/\/gtluxe.com\/es\/alquiler-coches-de-lujo-en-italia\/\">Alquilar coche de lujo Italia<\/a> \u00a0\u00b7 \u00a0<a href=\"https:\/\/gtluxe.com\/es\/alquiler-coches-de-lujo-en-luxemburgo\/\">Alquilar coche de lujo Luxemburgo<\/a> \u00a0\u00b7\u00a0\u00a0 <a href=\"https:\/\/gtluxe.com\/es\/alquiler-coches-de-lujo-en-monaco\/\">Alquilar coche de lujo\u00a0M\u00f3naco<\/a> \u00b7\u00a0 <a href=\"https:\/\/gtluxe.com\/es\/alquiler-coches-de-lujo-en-andorra\/\">Alquilar coche de lujo\u00a0Andorra<\/a> \u00a0\u00a0\u00b7\u00a0 <a href=\"https:\/\/gtluxe.com\/es\/alquiler-coches-de-lujo-en-espana\/\">Alquilar coche de lujo Espa\u00f1a<\/a> \u00a0\u00a0\u00b7\u00a0 <a href=\"https:\/\/gtluxe.com\/es\/alquiler-coches-de-lujo-en-suiza\/\">Alquilar coche de lujo Suiza<\/a><a href=\"https:\/\/gtluxe.com\/luxury-car-rental-in-switzerland\/\">\u00a0<\/a> \u00a0\u00b7 <a href=\"https:\/\/gtluxe.com\/es\/alquiler-coches-de-lujo-en-francia\/\">Alquilar coche de lujo Francia<\/a> \u00a0\u00b7\u00a0 <a href=\"https:\/\/gtluxe.com\/es\/alquiler-coches-de-lujo-en-portugal\/\">Alquilar coche de lujo\u00a0Portugal<\/a><\/p>\n<\/div>\n<div class=\"destination-box col-xs-12\">\n<h4><strong>GT Luxe alquiler de coches de lujo y deportivos, r\u00e1pido y f\u00e1cil:<\/strong><\/h4>\n<p><a href=\"https:\/\/gtluxe.com\/es\/auto\/alquiler-ferrari-458-italia\/\">Ferrari 458 Italia<\/a> \u00a0\u00a0\u00b7\u00a0\u00a0<a href=\"https:\/\/gtluxe.com\/es\/auto\/alquiler-lamborghini-huracan-performante-spyder\/\">Lamborghini Hurac\u00e1n Performante Spyder<\/a> \u00a0\u00a0\u00b7\u00a0\u00a0<a href=\"https:\/\/gtluxe.com\/es\/auto\/alquiler-porsche-911-carrera-4s-mkll-cabriolet\/\">Porsche 911 Carrera 4S Cabriolet <\/a>\u00a0\u00a0\u00b7\u00a0\u00a0<a href=\"https:\/\/gtluxe.com\/es\/auto\/alquiler-maserati-grancabrio-mc\/\">Maserati GranCabrio MC <\/a>\u00a0\u00a0\u00b7\u00a0\u00a0<a href=\"https:\/\/gtluxe.com\/es\/auto\/alquiler-lamborghini-huracan-spyder\/\">Lamborghini Huracan Spyder\u00a0<\/a> \u00a0\u00b7\u00a0 <a href=\"https:\/\/gtluxe.com\/es\/auto\/alquiler-ferrari-488-spider\/\">Ferrari 488 Spider <\/a>\u00a0 \u00b7 \u00a0\u00a0<a href=\"https:\/\/gtluxe.com\/es\/auto\/alquiler-range-rover-sport-phev\/\">Land Rover Range Rover Sport PHEV<\/a><\/p>\n<\/div>\n<div class=\"destination-box col-xs-12\">\n<h4><strong>Descubre nuestros modelos m\u00e1s populares:<\/strong><\/h4>\n<p><a href=\"https:\/\/gtluxe.com\/es\/auto\/alquiler-ferrari-california-turbo\/\">Alquiler Ferrari California Turbo <\/a>\u00a0\u00a0\u00b7\u00a0 <a href=\"https:\/\/gtluxe.com\/auto\/rent-an-ferrari-california-turbo\/\">Alquiler<\/a><a href=\"https:\/\/gtluxe.com\/es\/auto\/alquiler-audi-tt-rs-coupe\/\">\u00a0Audi TT RS Coup\u00e9 <\/a>\u00a0\u00a0\u00b7\u00a0 <a href=\"https:\/\/gtluxe.com\/es\/auto\/alquiler-maserati-granturismo\/\">Alquiler\u00a0Maserati GranTurismo<\/a> \u00a0\u00b7 <a href=\"https:\/\/gtluxe.com\/es\/auto\/alquiler-land-rover-range-rover-evoque-cabriolet\/\">Alquiler\u00a0Range Rover Evoque<\/a> \u00a0\u00a0\u00b7\u00a0 <a href=\"https:\/\/gtluxe.com\/es\/auto\/alquiler-audi-r8-coupe-v10-quattro\/\">Alquiler\u00a0Audi R8 V10 Spyder<\/a> \u00a0\u00b7 <a href=\"https:\/\/gtluxe.com\/es\/auto\/alquiler-ferrari-488-spider\/\">Alquiler\u00a0Ferrari 488 Spider<\/a> \u00a0\u00b7 <a href=\"https:\/\/gtluxe.com\/es\/auto\/alquiler-lamborghini-huracan-spyder\/\">Alquiler\u00a0Lamborghini Huracan Spyder<\/a> \u00a0\u00b7 <a href=\"https:\/\/gtluxe.com\/es\/auto\/alquiler-mercedes-amg-gt\/\">Alquiler\u00a0Mercedes AMG GT<\/a> \u00a0\u00a0\u00b7\u00a0\u00a0 <a href=\"https:\/\/gtluxe.com\/es\/auto\/alquiler-porsche-911-carrera-4s-mkll-cabriolet\/\">Alquiler\u00a0Porsche 911<\/a> \u00b7 <a href=\"https:\/\/gtluxe.com\/es\/auto\/alquiler-lamborghini-huracan-coupe\/\">Alquiler\u00a0Lamborghini Hurac\u00e1n Coup\u00e9<\/a> \u00b7 <a href=\"https:\/\/gtluxe.com\/es\/auto\/alquiler-range-rover-sport-phev\/\">Alquiler\u00a0Range Rover Sport<\/a> \u00b7\u00a0\u00a0 <a href=\"https:\/\/gtluxe.com\/es\/auto\/alquiler-ford-mustang\/\">Alquiler\u00a0Ford Mustang<\/a> \u00a0\u00b7 \u00a0 <a href=\"https:\/\/gtluxe.com\/es\/auto\/alquiler-bmw-z4-roadster\/\">Alquiler\u00a0BMW Z4 Roadster<\/a><\/p>\n<\/div>\n<p>[\/vc_column_text][\/vc_column][\/vc_row]<\/p>\n","protected":false},"excerpt":{"rendered":"<p>[vc_row css=\u00bb.vc_custom_1579686312394{padding-top: 50px !important;}\u00bb][vc_column][vc_column_text] ALQUILER COCHES LUJO EN CIUDADES DE ITALIA [\/vc_column_text][\/vc_column][\/vc_row][vc_row css=\u00bb.vc_custom_1579601145744{padding-top: 50px !important;padding-bottom: 80px !important;}\u00bb][vc_column width=\u00bb1\/6&#8243;][vc_column_text] Venecia [\/vc_column_text][\/vc_column][vc_column width=\u00bb1\/6&#8243;][vc_column_text] Roma [\/vc_column_text][\/vc_column][vc_column width=\u00bb1\/6&#8243;][vc_column_text] Portofino [\/vc_column_text][\/vc_column][vc_column width=\u00bb1\/6&#8243;][vc_column_text] N\u00e1poles [\/vc_column_text][\/vc_column][vc_column width=\u00bb1\/6&#8243;][vc_column_text] Florencia [\/vc_column_text][\/vc_column][vc_column width=\u00bb1\/6&#8243;][vc_column_text] Mil\u00e1n [\/vc_column_text][\/vc_column][\/vc_row][vc_row css=\u00bb.vc_custom_1579686312394{padding-top: 50px !important;}\u00bb][vc_column][vc_column_text] Alquiler coches de lujo en Italia y la casa del lujo, de largos paisajes, flamantes atardeceres, y&#8230;<\/p>\n","protected":false},"author":5,"featured_media":0,"parent":0,"menu_order":0,"comment_status":"closed","ping_status":"closed","template":"","meta":{"footnotes":""},"yoast_head":"<!-- This site is optimized with the Yoast SEO plugin v19.3 - https:\/\/yoast.com\/wordpress\/plugins\/seo\/ -->\n<title>Alquiler coches de lujo en Italia &#8902; Alquiler coches de lujo y deportivos<\/title>\n<meta name=\"description\" content=\"Alquila un Coche de Lujo en Italia Ferrari, Porsche, Lamborghini. Entrega en Cualquier Lugar. Alquiler de coches de lujo en Roma al mejor precio.\" \/>\n<meta name=\"robots\" content=\"index, follow, max-snippet:-1, max-image-preview:large, max-video-preview:-1\" \/>\n<link rel=\"canonical\" href=\"https:\/\/gtluxe.com\/es\/alquiler-coches-de-lujo-en-italia\/\" \/>\n<meta property=\"og:locale\" content=\"es_ES\" \/>\n<meta property=\"og:type\" content=\"article\" \/>\n<meta property=\"og:title\" content=\"Alquiler coches de lujo en Italia &#8902; Alquiler coches de lujo y deportivos\" \/>\n<meta property=\"og:description\" content=\"Alquila un Coche de Lujo en Italia Ferrari, Porsche, Lamborghini. Entrega en Cualquier Lugar. Alquiler de coches de lujo en Roma al mejor precio.\" \/>\n<meta property=\"og:url\" content=\"https:\/\/gtluxe.com\/es\/alquiler-coches-de-lujo-en-italia\/\" \/>\n<meta property=\"og:site_name\" content=\"GTLUXE: Alquiler de coches de lujo y veh\u00edculos deportivos Ferrari, Lamborghini\" \/>\n<meta property=\"article:modified_time\" content=\"2020-05-28T15:05:59+00:00\" \/>\n<meta property=\"og:image\" content=\"https:\/\/gtluxe.com\/wp-content\/uploads\/2020\/01\/venecia-gtluxe.png\" \/>\n<meta name=\"twitter:card\" content=\"summary_large_image\" \/>\n<meta name=\"twitter:label1\" content=\"Tiempo de lectura\" \/>\n\t<meta name=\"twitter:data1\" content=\"6 minutos\" \/>\n<script type=\"application\/ld+json\" class=\"yoast-schema-graph\">{\"@context\":\"https:\/\/schema.org\",\"@graph\":[{\"@type\":\"WebSite\",\"@id\":\"https:\/\/gtluxe.com\/#website\",\"url\":\"https:\/\/gtluxe.com\/\",\"name\":\"GTLUXE: Alquiler de coches de lujo y veh\u00edculos deportivos Ferrari, Lamborghini\",\"description\":\"Alquiler de coches de lujo\",\"potentialAction\":[{\"@type\":\"SearchAction\",\"target\":{\"@type\":\"EntryPoint\",\"urlTemplate\":\"https:\/\/gtluxe.com\/?s={search_term_string}\"},\"query-input\":\"required name=search_term_string\"}],\"inLanguage\":\"es\"},{\"@type\":\"ImageObject\",\"inLanguage\":\"es\",\"@id\":\"https:\/\/gtluxe.com\/es\/alquiler-coches-de-lujo-en-italia\/#primaryimage\",\"url\":\"https:\/\/gtluxe.com\/wp-content\/uploads\/2020\/01\/venecia-gtluxe.png\",\"contentUrl\":\"https:\/\/gtluxe.com\/wp-content\/uploads\/2020\/01\/venecia-gtluxe.png\",\"width\":250,\"height\":250},{\"@type\":\"WebPage\",\"@id\":\"https:\/\/gtluxe.com\/es\/alquiler-coches-de-lujo-en-italia\/\",\"url\":\"https:\/\/gtluxe.com\/es\/alquiler-coches-de-lujo-en-italia\/\",\"name\":\"Alquiler coches de lujo en Italia &#8902; Alquiler coches de lujo y deportivos\",\"isPartOf\":{\"@id\":\"https:\/\/gtluxe.com\/#website\"},\"primaryImageOfPage\":{\"@id\":\"https:\/\/gtluxe.com\/es\/alquiler-coches-de-lujo-en-italia\/#primaryimage\"},\"datePublished\":\"2020-02-06T14:47:37+00:00\",\"dateModified\":\"2020-05-28T15:05:59+00:00\",\"description\":\"Alquila un Coche de Lujo en Italia Ferrari, Porsche, Lamborghini. Entrega en Cualquier Lugar. Alquiler de coches de lujo en Roma al mejor precio.\",\"breadcrumb\":{\"@id\":\"https:\/\/gtluxe.com\/es\/alquiler-coches-de-lujo-en-italia\/#breadcrumb\"},\"inLanguage\":\"es\",\"potentialAction\":[{\"@type\":\"ReadAction\",\"target\":[\"https:\/\/gtluxe.com\/es\/alquiler-coches-de-lujo-en-italia\/\"]}]},{\"@type\":\"BreadcrumbList\",\"@id\":\"https:\/\/gtluxe.com\/es\/alquiler-coches-de-lujo-en-italia\/#breadcrumb\",\"itemListElement\":[{\"@type\":\"ListItem\",\"position\":1,\"name\":\"Portada\",\"item\":\"https:\/\/gtluxe.com\/es\/\"},{\"@type\":\"ListItem\",\"position\":2,\"name\":\"Alquiler coches de lujo en Italia\"}]}]}<\/script>\n<!-- \/ Yoast SEO plugin. -->","yoast_head_json":{"title":"Alquiler coches de lujo en Italia &#8902; Alquiler coches de lujo y deportivos","description":"Alquila un Coche de Lujo en Italia Ferrari, Porsche, Lamborghini. Entrega en Cualquier Lugar. Alquiler de coches de lujo en Roma al mejor precio.","robots":{"index":"index","follow":"follow","max-snippet":"max-snippet:-1","max-image-preview":"max-image-preview:large","max-video-preview":"max-video-preview:-1"},"canonical":"https:\/\/gtluxe.com\/es\/alquiler-coches-de-lujo-en-italia\/","og_locale":"es_ES","og_type":"article","og_title":"Alquiler coches de lujo en Italia &#8902; Alquiler coches de lujo y deportivos","og_description":"Alquila un Coche de Lujo en Italia Ferrari, Porsche, Lamborghini. Entrega en Cualquier Lugar. Alquiler de coches de lujo en Roma al mejor precio.","og_url":"https:\/\/gtluxe.com\/es\/alquiler-coches-de-lujo-en-italia\/","og_site_name":"GTLUXE: Alquiler de coches de lujo y veh\u00edculos deportivos Ferrari, Lamborghini","article_modified_time":"2020-05-28T15:05:59+00:00","og_image":[{"url":"https:\/\/gtluxe.com\/wp-content\/uploads\/2020\/01\/venecia-gtluxe.png"}],"twitter_card":"summary_large_image","twitter_misc":{"Tiempo de lectura":"6 minutos"},"schema":{"@context":"https:\/\/schema.org","@graph":[{"@type":"WebSite","@id":"https:\/\/gtluxe.com\/#website","url":"https:\/\/gtluxe.com\/","name":"GTLUXE: Alquiler de coches de lujo y veh\u00edculos deportivos Ferrari, Lamborghini","description":"Alquiler de coches de lujo","potentialAction":[{"@type":"SearchAction","target":{"@type":"EntryPoint","urlTemplate":"https:\/\/gtluxe.com\/?s={search_term_string}"},"query-input":"required name=search_term_string"}],"inLanguage":"es"},{"@type":"ImageObject","inLanguage":"es","@id":"https:\/\/gtluxe.com\/es\/alquiler-coches-de-lujo-en-italia\/#primaryimage","url":"https:\/\/gtluxe.com\/wp-content\/uploads\/2020\/01\/venecia-gtluxe.png","contentUrl":"https:\/\/gtluxe.com\/wp-content\/uploads\/2020\/01\/venecia-gtluxe.png","width":250,"height":250},{"@type":"WebPage","@id":"https:\/\/gtluxe.com\/es\/alquiler-coches-de-lujo-en-italia\/","url":"https:\/\/gtluxe.com\/es\/alquiler-coches-de-lujo-en-italia\/","name":"Alquiler coches de lujo en Italia &#8902; Alquiler coches de lujo y deportivos","isPartOf":{"@id":"https:\/\/gtluxe.com\/#website"},"primaryImageOfPage":{"@id":"https:\/\/gtluxe.com\/es\/alquiler-coches-de-lujo-en-italia\/#primaryimage"},"datePublished":"2020-02-06T14:47:37+00:00","dateModified":"2020-05-28T15:05:59+00:00","description":"Alquila un Coche de Lujo en Italia Ferrari, Porsche, Lamborghini. Entrega en Cualquier Lugar. Alquiler de coches de lujo en Roma al mejor precio.","breadcrumb":{"@id":"https:\/\/gtluxe.com\/es\/alquiler-coches-de-lujo-en-italia\/#breadcrumb"},"inLanguage":"es","potentialAction":[{"@type":"ReadAction","target":["https:\/\/gtluxe.com\/es\/alquiler-coches-de-lujo-en-italia\/"]}]},{"@type":"BreadcrumbList","@id":"https:\/\/gtluxe.com\/es\/alquiler-coches-de-lujo-en-italia\/#breadcrumb","itemListElement":[{"@type":"ListItem","position":1,"name":"Portada","item":"https:\/\/gtluxe.com\/es\/"},{"@type":"ListItem","position":2,"name":"Alquiler coches de lujo en Italia"}]}]}},"_links":{"self":[{"href":"https:\/\/gtluxe.com\/es\/wp-json\/wp\/v2\/pages\/3852"}],"collection":[{"href":"https:\/\/gtluxe.com\/es\/wp-json\/wp\/v2\/pages"}],"about":[{"href":"https:\/\/gtluxe.com\/es\/wp-json\/wp\/v2\/types\/page"}],"author":[{"embeddable":true,"href":"https:\/\/gtluxe.com\/es\/wp-json\/wp\/v2\/users\/5"}],"replies":[{"embeddable":true,"href":"https:\/\/gtluxe.com\/es\/wp-json\/wp\/v2\/comments?post=3852"}],"version-history":[{"count":10,"href":"https:\/\/gtluxe.com\/es\/wp-json\/wp\/v2\/pages\/3852\/revisions"}],"predecessor-version":[{"id":1720563,"href":"https:\/\/gtluxe.com\/es\/wp-json\/wp\/v2\/pages\/3852\/revisions\/1720563"}],"wp:attachment":[{"href":"https:\/\/gtluxe.com\/es\/wp-json\/wp\/v2\/media?parent=3852"}],"curies":[{"name":"wp","href":"https:\/\/api.w.org\/{rel}","templated":true}]}}