{"id":4543,"date":"2020-02-18T09:45:31","date_gmt":"2020-02-18T09:45:31","guid":{"rendered":"https:\/\/gtluxe.com\/?page_id=4543"},"modified":"2020-05-08T11:12:14","modified_gmt":"2020-05-08T11:12:14","slug":"ubicaciones","status":"publish","type":"page","link":"https:\/\/gtluxe.com\/es\/ubicaciones\/","title":{"rendered":"Ubicaciones"},"content":{"rendered":"<p>[vc_row css=\u00bb.vc_custom_1582019405119{padding-top: 50px !important;}\u00bb][vc_column][vc_column_text]<\/p>\n<h2 style=\"text-align: center;\">Alquiler coches de lujo en Europa<\/h2>\n<p>[\/vc_column_text][vc_column_text][ultimate_maps id=\u00bb1&#8243;][\/vc_column_text][\/vc_column][\/vc_row][vc_row css=\u00bb.vc_custom_1582020997802{padding-top: 60px !important;padding-bottom: 60px !important;}\u00bb][vc_column width=\u00bb4\/6&#8243;][vc_column_text]<a href=\"https:\/\/gtluxe.com\">GTLuxe<\/a> Luxury Car Rental ofrece alquiler de coches de lujo para alquilar en la mayor\u00eda de las principales ciudades de Europa. Actualmente, cubrimos las siguientes ubicaciones en Europa: <a href=\"https:\/\/gtluxe.com\/alquiler-coches-de-lujo-en-espana\/\">Espa\u00f1a<\/a>, <a href=\"https:\/\/gtluxe.com\/alquiler-coches-de-lujo-en-francia\/\">Francia<\/a>, <a href=\"https:\/\/gtluxe.com\/alquiler-coches-de-lujo-en-luxemburgo\/\">Luxemburgo<\/a>, <a href=\"https:\/\/gtluxe.com\/alquiler-coches-de-lujo-en-andorra\/\">Andorra<\/a>, <a href=\"https:\/\/gtluxe.com\/alquiler-coches-de-lujo-en-monaco\/\">M\u00f3naco<\/a>, <a href=\"https:\/\/gtluxe.com\/alquiler-coches-de-lujo-en-italia\/\">Italia<\/a> y <a href=\"https:\/\/gtluxe.com\/alquiler-coches-de-lujo-en-suiza\/\">Suiza<\/a>.[\/vc_column_text][vc_column_text]<\/p>\n<h2 style=\"text-align: center;\">GT Luxe Luxury Car Rental: Reserve ahora su coche favorito llamando al <a href=\"tel:+34 918 107 428\">+34 918 107 428<\/a><\/h2>\n<p>[\/vc_column_text][vc_column_text]Una vez que haya elegido el destino <a href=\"https:\/\/gtluxe.com\/contact-us\/\">cont\u00e1ctenos<\/a> lo antes posible, y elija el coche que m\u00e1s le guste. El alquiler de coches de lujo le dar\u00e1 un toque premium y de placer a su viaje. Ofrecemos coches de alto rendimiento en los principales destinos de Europa: <a href=\"https:\/\/gtluxe.com\/alquiler-coches-de-lujo-en-espana\/\">Espa\u00f1a<\/a>, <a href=\"https:\/\/gtluxe.com\/alquiler-coches-de-lujo-en-francia\/\">Francia<\/a>, <a href=\"https:\/\/gtluxe.com\/alquiler-coches-de-lujo-en-luxemburgo\/\">Luxemburgo<\/a>, <a href=\"https:\/\/gtluxe.com\/alquiler-coches-de-lujo-en-andorra\/\">Andorra<\/a>, <a href=\"https:\/\/gtluxe.com\/alquiler-coches-de-lujo-en-monaco\/\">M\u00f3naco<\/a>, <a href=\"https:\/\/gtluxe.com\/alquiler-coches-de-lujo-en-italia\/\">Italia<\/a> y <a href=\"https:\/\/gtluxe.com\/alquiler-coches-de-lujo-en-suiza\/\">Suiza<\/a>. Europa le ofrece magn\u00edficos paisajes y ciudades cosmopolitas repletas de lujo y entretenimiento, <strong>alquiler de coches convertibles<\/strong> y deportivos le ofrecen una experiencia de conducci\u00f3n de lujo \u00fanica. <a href=\"https:\/\/gtluxe.com\">GTLuxe<\/a> ofrece coches premium en las principales ciudades de Europa: <a href=\"https:\/\/gtluxe.com\/auto\/?ciudad=barcelona\">Barcelona<\/a>, \u200b\u200b<a href=\"https:\/\/gtluxe.com\/auto\/?ciudad=marbella\">Marbella<\/a>, <a href=\"https:\/\/gtluxe.com\/auto\/?ciudad=roma\">Roma<\/a>, <a href=\"https:\/\/gtluxe.com\/auto\/?ciudad=milan\">Mil\u00e1n<\/a>, <a href=\"https:\/\/gtluxe.com\/auto\/?ciudad=florencia\">Florencia<\/a>, <a href=\"https:\/\/gtluxe.com\/auto\/?ciudad=ginebra\">Ginebra<\/a>, <a href=\"https:\/\/gtluxe.com\/auto\/?ciudad=zurich\">Z\u00farich<\/a>, <a href=\"https:\/\/gtluxe.com\/auto\/?ciudad=paris\">Par\u00eds<\/a>, <a href=\"https:\/\/gtluxe.com\/auto\/?ciudad=cannes\">Cannes<\/a>, <a href=\"https:\/\/gtluxe.com\/auto\/?ciudad=niza\">Niza<\/a>, <a href=\"https:\/\/gtluxe.com\/auto\/?ciudad=monaco\">M\u00f3naco<\/a> y muchos m\u00e1s, consulte <a href=\"https:\/\/gtluxe.com\/ubicaciones\/\">nuestras ubicaciones<\/a> para obtener m\u00e1s informaci\u00f3n.<\/p>\n<p>Ahora con GTLuxe puede conducir y disfrutar de un <strong>alquiler de coche de lujo<\/strong> de sus sue\u00f1os a trav\u00e9s de los maravillosos paisajes de <a href=\"https:\/\/gtluxe.com\/alquiler-coches-de-lujo-en-francia\/\">Francia<\/a>, a lo largo de las zonas costeras de <a href=\"https:\/\/gtluxe.com\/alquiler-coches-de-lujo-en-espana\/\">Espa\u00f1a<\/a>, <a href=\"https:\/\/gtluxe.com\/alquiler-coches-de-lujo-en-italia\/\">Italia<\/a>, o del paisaje perfecto en <a href=\"https:\/\/gtluxe.com\/alquiler-coches-de-lujo-en-suiza\/\">Suiza<\/a>, las ciudades metropolitanas con mucho encanto. El <strong>alquiler de coches de lujo<\/strong> es el complemento perfecto para cualquier plan de viaje que pueda tener, ya sea un viaje de negocios, una escapada rom\u00e1ntica o unas vacaciones familiares.[\/vc_column_text][vc_column_text]<strong>Alquiler coches de lujo y alquiler de SUV de lujo<\/strong> son ideales para vacaciones familiares y viajes de negocios, GTLuxe cuenta con todas las mejores marcas y modelos disponibles para usted como <a href=\"https:\/\/gtluxe.com\/auto\/?make=bmw\">BMW<\/a>, <a href=\"https:\/\/gtluxe.com\/auto\/?make=porsche\">Porsche<\/a>, <a href=\"https:\/\/gtluxe.com\/auto\/?make=audi\">Audi<\/a>, <a href=\"https:\/\/gtluxe.com\/auto\/?make=bentley\">Bentley<\/a>, <a href=\"https:\/\/gtluxe.com\/auto\/?make=rolls-royce\">Rolls Royce<\/a>, <a href=\"https:\/\/gtluxe.com\/auto\/?make=mercedes-benz\">Mercedes<\/a>, <a href=\"https:\/\/gtluxe.com\/auto\/?make=land-rover\">Range Rover<\/a> y <a href=\"https:\/\/gtluxe.com\/\">m\u00e1s<\/a>. <strong>Alquiler de coches deportivos<\/strong> y superdeportivos para los amantes de la emoci\u00f3n que buscan la mejor experiencia de conducci\u00f3n con <a href=\"https:\/\/gtluxe.com\/auto\/?make=ferrari\">Ferrari<\/a>, <a href=\"https:\/\/gtluxe.com\/auto\/?make=lamborghini\">Lamborghini<\/a>, <a href=\"https:\/\/gtluxe.com\/auto\/?make=mclaren\">McLaren<\/a>, <a href=\"https:\/\/gtluxe.com\/auto\/?make=porsche\">Porsche<\/a>, ya sea por negocios o placer. En <a href=\"https:\/\/gtluxe.com\">GTLuxe Luxury Car Rental<\/a> le ofrecemos una experiencia de viaje de lujo incre\u00edble en Europa. Nuestro servicio de <strong>alquiler de coches premium<\/strong> es la soluci\u00f3n definitiva para <strong>alquiler de coches de lujo en Europa<\/strong>. Disfrute de su alquiler de coches de lujo con <strong>GT Luxe Luxury Car Rental<\/strong>.[\/vc_column_text][\/vc_column][vc_column width=\u00bb1\/6&#8243;][stm_sidebar_call_to_action text_image=\u00bb1720006&#8243; text_image_width=\u00bb30&#8243; css=\u00bb.vc_custom_1588936282124{margin-bottom: 10px !important;padding-top: 10px !important;padding-right: 5px !important;padding-left: 5px !important;background-color: #ffffff !important;}\u00bb link=\u00bburl:https%3A%2F%2Fgtluxe.com%2Falquiler-coches-de-lujo-en-espana%2F|title:Alquiler%20coches%20de%20lujo%20en%20Espa%C3%B1a||\u00bb]<\/p>\n<ul>\n<li><a href=\"https:\/\/gtluxe.com\/auto\/?ciudad=alicante\">Alicante<\/a><\/li>\n<li><a href=\"https:\/\/gtluxe.com\/auto\/?ciudad=madrid\">Madrid<\/a><\/li>\n<li><a href=\"https:\/\/gtluxe.com\/auto\/?ciudad=barcelona\">Barcelona<\/a><\/li>\n<li><a href=\"https:\/\/gtluxe.com\/auto\/?ciudad=mallorca\">Mallorca<\/a><\/li>\n<li><a href=\"https:\/\/gtluxe.com\/auto\/?ciudad=malaga\">M\u00e1laga<\/a><\/li>\n<li><a href=\"https:\/\/gtluxe.com\/auto\/?ciudad=bilbao\">Bilbao<\/a><\/li>\n<li><a href=\"https:\/\/gtluxe.com\/auto\/?ciudad=santiago-de-compostela\">Santiago de Compostela<\/a><\/li>\n<li><a href=\"https:\/\/gtluxe.com\/auto\/?ciudad=santander\">Santander<\/a><\/li>\n<li><a href=\"https:\/\/gtluxe.com\/auto\/?ciudad=valladolid\">Valladolid<\/a><\/li>\n<li><a href=\"https:\/\/gtluxe.com\/auto\/?ciudad=marbella\">Marbella<\/a><\/li>\n<li><a href=\"https:\/\/gtluxe.com\/auto\/?ciudad=valencia\">Valencia<\/a><\/li>\n<li><a href=\"https:\/\/gtluxe.com\/auto\/?ciudad=sevilla\">Sevilla<\/a><\/li>\n<li><a href=\"https:\/\/gtluxe.com\/auto\/?ciudad=sotogrande\">Sotogrande<\/a><\/li>\n<li><a href=\"https:\/\/gtluxe.com\/auto\/?ciudad=granada\">Granada<\/a><\/li>\n<li><a href=\"https:\/\/gtluxe.com\/auto\/?ciudad=ibiza\">Ibiza<\/a><\/li>\n<\/ul>\n<p>[\/stm_sidebar_call_to_action][stm_sidebar_call_to_action text_image=\u00bb1720020&#8243; text_image_width=\u00bb30&#8243; css=\u00bb.vc_custom_1588936288184{margin-bottom: 10px !important;padding-top: 10px !important;padding-right: 5px !important;padding-left: 5px !important;background-color: #ffffff !important;}\u00bb link=\u00bburl:https%3A%2F%2Fgtluxe.com%2Falquiler-coches-de-lujo-en-andorra%2F|title:Alquiler%20coches%20de%20lujo%20en%20Andorra||\u00bb]<\/p>\n<ul>\n<li><a href=\"https:\/\/gtluxe.com\/auto\/?ciudad=andorra-la-vella\">Andorra La Vella<\/a><\/li>\n<\/ul>\n<p>[\/stm_sidebar_call_to_action][stm_sidebar_call_to_action text_image=\u00bb1720012&#8243; text_image_width=\u00bb30&#8243; css=\u00bb.vc_custom_1588936295017{margin-bottom: 10px !important;padding-top: 10px !important;padding-right: 5px !important;padding-left: 5px !important;background-color: #ffffff !important;}\u00bb link=\u00bburl:https%3A%2F%2Fgtluxe.com%2Falquiler-coches-de-lujo-en-luxemburgo%2F|title:Alquiler%20coches%20de%20lujo%20en%20Luxemburgo||\u00bb]<\/p>\n<ul>\n<li><a href=\"https:\/\/gtluxe.com\/auto\/?ciudad=luxemburgo\">Luxemburgo<\/a><\/li>\n<\/ul>\n<p>[\/stm_sidebar_call_to_action][stm_sidebar_call_to_action text_image=\u00bb1720014&#8243; text_image_width=\u00bb30&#8243; css=\u00bb.vc_custom_1588936303736{margin-bottom: 10px !important;padding-top: 10px !important;padding-right: 5px !important;padding-left: 5px !important;background-color: #ffffff !important;}\u00bb link=\u00bburl:https%3A%2F%2Fgtluxe.com%2Falquiler-coches-de-lujo-en-monaco%2F|title:Alquiler%20coches%20de%20lujo%20en%20M%C3%B3naco||\u00bb]<\/p>\n<ul>\n<li><a href=\"https:\/\/gtluxe.com\/auto\/?ciudad=monaco\">M\u00f3naco<\/a><\/li>\n<\/ul>\n<p>[\/stm_sidebar_call_to_action][\/vc_column][vc_column width=\u00bb1\/6&#8243;][stm_sidebar_call_to_action text_image=\u00bb1720008&#8243; text_image_width=\u00bb30&#8243; css=\u00bb.vc_custom_1588936310823{margin-bottom: 10px !important;padding-top: 10px !important;padding-right: 5px !important;padding-left: 5px !important;background-color: #ffffff !important;}\u00bb link=\u00bburl:https%3A%2F%2Fgtluxe.com%2Falquiler-coches-de-lujo-en-francia%2F|title:Alquiler%20coches%20de%20lujo%20en%20Francia||\u00bb]<\/p>\n<ul>\n<li><a href=\"https:\/\/gtluxe.com\/auto\/?ciudad=paris\">Par\u00eds<\/a><\/li>\n<li><a href=\"https:\/\/gtluxe.com\/auto\/?ciudad=burdeos\">Burdeos<\/a><\/li>\n<li><a href=\"https:\/\/gtluxe.com\/auto\/?ciudad=saint-tropez\">Saint-Tropez<\/a><\/li>\n<li><a href=\"https:\/\/gtluxe.com\/auto\/?ciudad=lyon\">Lyon<\/a><\/li>\n<li><a href=\"https:\/\/gtluxe.com\/auto\/?ciudad=niza\">Niza<\/a><\/li>\n<li><a href=\"https:\/\/gtluxe.com\/auto\/?ciudad=cannes\">Cannes<\/a><\/li>\n<li><a href=\"https:\/\/gtluxe.com\/auto\/?ciudad=marsella\">Marsella<\/a><\/li>\n<li><a href=\"https:\/\/gtluxe.com\/auto\/?ciudad=courchevel\">Courchevel<\/a><\/li>\n<\/ul>\n<p>[\/stm_sidebar_call_to_action][stm_sidebar_call_to_action text_image=\u00bb1720010&#8243; text_image_width=\u00bb30&#8243; css=\u00bb.vc_custom_1588936319177{margin-bottom: 10px !important;padding-top: 10px !important;padding-right: 5px !important;padding-left: 5px !important;background-color: #ffffff !important;}\u00bb link=\u00bburl:https%3A%2F%2Fgtluxe.com%2Falquiler-coches-de-lujo-en-italia%2F|title:Alquiler%20coches%20de%20lujo%20en%20Italia||\u00bb]<\/p>\n<ul>\n<li><a href=\"https:\/\/gtluxe.com\/auto\/?ciudad=italia\">Berna<\/a><\/li>\n<li><a href=\"https:\/\/gtluxe.com\/auto\/?ciudad=milan\">Mil\u00e1n<\/a><\/li>\n<li><a href=\"https:\/\/gtluxe.com\/auto\/?ciudad=roma\">Roma<\/a><\/li>\n<li><a href=\"https:\/\/gtluxe.com\/auto\/?ciudad=portofino\">Portofino<\/a><\/li>\n<li><a href=\"https:\/\/gtluxe.com\/auto\/?ciudad=florencia\">Florencia<\/a><\/li>\n<li><a href=\"https:\/\/gtluxe.com\/auto\/?ciudad=venecia\">Venecia<\/a><\/li>\n<li><a href=\"https:\/\/gtluxe.com\/auto\/?ciudad=napoles\">N\u00e1poles<\/a><\/li>\n<\/ul>\n<p>[\/stm_sidebar_call_to_action][stm_sidebar_call_to_action text_image=\u00bb1720016&#8243; text_image_width=\u00bb30&#8243; css=\u00bb.vc_custom_1588936326421{margin-bottom: 10px !important;padding-top: 10px !important;padding-right: 5px !important;padding-left: 5px !important;background-color: #ffffff !important;}\u00bb link=\u00bburl:https%3A%2F%2Fgtluxe.com%2Falquiler-coches-de-lujo-en-portugal%2F|title:Alquiler%20coches%20de%20lujo%20en%20Portugal||\u00bb]<\/p>\n<ul>\n<li><a href=\"https:\/\/gtluxe.com\/auto\/?ciudad=lisboa\">Lisboa<\/a><\/li>\n<li><a href=\"https:\/\/gtluxe.com\/auto\/?ciudad=porto\">Porto<\/a><\/li>\n<li><a href=\"https:\/\/gtluxe.com\/auto\/?ciudad=faro\">Faro<\/a><\/li>\n<li><a href=\"https:\/\/gtluxe.com\/auto\/?ciudad=coimbra\">Co\u00edmbra<\/a><\/li>\n<\/ul>\n<p>[\/stm_sidebar_call_to_action][stm_sidebar_call_to_action text_image=\u00bb1720018&#8243; text_image_width=\u00bb30&#8243; css=\u00bb.vc_custom_1588936332472{margin-bottom: 10px !important;padding-top: 10px !important;padding-right: 5px !important;padding-left: 5px !important;background-color: #ffffff !important;}\u00bb link=\u00bburl:https%3A%2F%2Fgtluxe.com%2Falquiler-coches-de-lujo-en-suiza%2F|title:Alquiler%20coches%20de%20lujo%20en%20Suiza||\u00bb]<\/p>\n<ul>\n<li><a href=\"https:\/\/gtluxe.com\/auto\/?ciudad=ginebra\">Ginebra<\/a><\/li>\n<li><a href=\"https:\/\/gtluxe.com\/auto\/?ciudad=berna\">Berna<\/a><\/li>\n<li><a href=\"https:\/\/gtluxe.com\/auto\/?ciudad=lugano\">Lugano<\/a><\/li>\n<li><a href=\"https:\/\/gtluxe.com\/auto\/?ciudad=zurich\">Z\u00farich<\/a><\/li>\n<\/ul>\n<p>[\/stm_sidebar_call_to_action][\/vc_column][\/vc_row]<\/p>\n","protected":false},"excerpt":{"rendered":"<p>[vc_row css=\u00bb.vc_custom_1582019405119{padding-top: 50px !important;}\u00bb][vc_column][vc_column_text] Alquiler coches de lujo en Europa [\/vc_column_text][vc_column_text][ultimate_maps id=\u00bb1&#8243;][\/vc_column_text][\/vc_column][\/vc_row][vc_row css=\u00bb.vc_custom_1582020997802{padding-top: 60px !important;padding-bottom: 60px !important;}\u00bb][vc_column width=\u00bb4\/6&#8243;][vc_column_text]GTLuxe Luxury Car Rental ofrece alquiler de coches de lujo para alquilar en la mayor\u00eda de las principales ciudades de Europa. Actualmente, cubrimos las siguientes ubicaciones en Europa: Espa\u00f1a, Francia, Luxemburgo, Andorra, M\u00f3naco, Italia y Suiza.[\/vc_column_text][vc_column_text] GT Luxe&#8230;<\/p>\n","protected":false},"author":5,"featured_media":0,"parent":0,"menu_order":0,"comment_status":"closed","ping_status":"closed","template":"","meta":{"footnotes":""},"yoast_head":"<!-- This site is optimized with the Yoast SEO plugin v19.3 - https:\/\/yoast.com\/wordpress\/plugins\/seo\/ -->\n<title>Ubicaciones &#8902; Alquiler coches de lujo y deportivos en Europa con Ferrari<\/title>\n<meta name=\"description\" content=\"Alquiler un Coche de Lujo en Europa con Ferrari, Porsche, Lamborghini. Entrega en Cualquier Lugar. Alquiler de coches de lujo y deportivos al mejor precio.\" \/>\n<meta name=\"robots\" content=\"index, follow, max-snippet:-1, max-image-preview:large, max-video-preview:-1\" \/>\n<link rel=\"canonical\" href=\"https:\/\/gtluxe.com\/es\/ubicaciones\/\" \/>\n<meta property=\"og:locale\" content=\"es_ES\" \/>\n<meta property=\"og:type\" content=\"article\" \/>\n<meta property=\"og:title\" content=\"Ubicaciones &#8902; Alquiler coches de lujo y deportivos en Europa con Ferrari\" \/>\n<meta property=\"og:description\" content=\"Alquiler un Coche de Lujo en Europa con Ferrari, Porsche, Lamborghini. Entrega en Cualquier Lugar. Alquiler de coches de lujo y deportivos al mejor precio.\" \/>\n<meta property=\"og:url\" content=\"https:\/\/gtluxe.com\/es\/ubicaciones\/\" \/>\n<meta property=\"og:site_name\" content=\"GTLUXE: Alquiler de coches de lujo y veh\u00edculos deportivos Ferrari, Lamborghini\" \/>\n<meta property=\"article:modified_time\" content=\"2020-05-08T11:12:14+00:00\" \/>\n<meta name=\"twitter:card\" content=\"summary_large_image\" \/>\n<meta name=\"twitter:label1\" content=\"Tiempo de lectura\" \/>\n\t<meta name=\"twitter:data1\" content=\"5 minutos\" \/>\n<script type=\"application\/ld+json\" class=\"yoast-schema-graph\">{\"@context\":\"https:\/\/schema.org\",\"@graph\":[{\"@type\":\"WebSite\",\"@id\":\"https:\/\/gtluxe.com\/#website\",\"url\":\"https:\/\/gtluxe.com\/\",\"name\":\"GTLUXE: Alquiler de coches de lujo y veh\u00edculos deportivos Ferrari, Lamborghini\",\"description\":\"Alquiler de coches de lujo\",\"potentialAction\":[{\"@type\":\"SearchAction\",\"target\":{\"@type\":\"EntryPoint\",\"urlTemplate\":\"https:\/\/gtluxe.com\/?s={search_term_string}\"},\"query-input\":\"required name=search_term_string\"}],\"inLanguage\":\"es\"},{\"@type\":\"WebPage\",\"@id\":\"https:\/\/gtluxe.com\/es\/ubicaciones\/\",\"url\":\"https:\/\/gtluxe.com\/es\/ubicaciones\/\",\"name\":\"Ubicaciones &#8902; Alquiler coches de lujo y deportivos en Europa con Ferrari\",\"isPartOf\":{\"@id\":\"https:\/\/gtluxe.com\/#website\"},\"datePublished\":\"2020-02-18T09:45:31+00:00\",\"dateModified\":\"2020-05-08T11:12:14+00:00\",\"description\":\"Alquiler un Coche de Lujo en Europa con Ferrari, Porsche, Lamborghini. Entrega en Cualquier Lugar. Alquiler de coches de lujo y deportivos al mejor precio.\",\"breadcrumb\":{\"@id\":\"https:\/\/gtluxe.com\/es\/ubicaciones\/#breadcrumb\"},\"inLanguage\":\"es\",\"potentialAction\":[{\"@type\":\"ReadAction\",\"target\":[\"https:\/\/gtluxe.com\/es\/ubicaciones\/\"]}]},{\"@type\":\"BreadcrumbList\",\"@id\":\"https:\/\/gtluxe.com\/es\/ubicaciones\/#breadcrumb\",\"itemListElement\":[{\"@type\":\"ListItem\",\"position\":1,\"name\":\"Portada\",\"item\":\"https:\/\/gtluxe.com\/es\/\"},{\"@type\":\"ListItem\",\"position\":2,\"name\":\"Ubicaciones\"}]}]}<\/script>\n<!-- \/ Yoast SEO plugin. -->","yoast_head_json":{"title":"Ubicaciones &#8902; Alquiler coches de lujo y deportivos en Europa con Ferrari","description":"Alquiler un Coche de Lujo en Europa con Ferrari, Porsche, Lamborghini. Entrega en Cualquier Lugar. Alquiler de coches de lujo y deportivos al mejor precio.","robots":{"index":"index","follow":"follow","max-snippet":"max-snippet:-1","max-image-preview":"max-image-preview:large","max-video-preview":"max-video-preview:-1"},"canonical":"https:\/\/gtluxe.com\/es\/ubicaciones\/","og_locale":"es_ES","og_type":"article","og_title":"Ubicaciones &#8902; Alquiler coches de lujo y deportivos en Europa con Ferrari","og_description":"Alquiler un Coche de Lujo en Europa con Ferrari, Porsche, Lamborghini. Entrega en Cualquier Lugar. Alquiler de coches de lujo y deportivos al mejor precio.","og_url":"https:\/\/gtluxe.com\/es\/ubicaciones\/","og_site_name":"GTLUXE: Alquiler de coches de lujo y veh\u00edculos deportivos Ferrari, Lamborghini","article_modified_time":"2020-05-08T11:12:14+00:00","twitter_card":"summary_large_image","twitter_misc":{"Tiempo de lectura":"5 minutos"},"schema":{"@context":"https:\/\/schema.org","@graph":[{"@type":"WebSite","@id":"https:\/\/gtluxe.com\/#website","url":"https:\/\/gtluxe.com\/","name":"GTLUXE: Alquiler de coches de lujo y veh\u00edculos deportivos Ferrari, Lamborghini","description":"Alquiler de coches de lujo","potentialAction":[{"@type":"SearchAction","target":{"@type":"EntryPoint","urlTemplate":"https:\/\/gtluxe.com\/?s={search_term_string}"},"query-input":"required name=search_term_string"}],"inLanguage":"es"},{"@type":"WebPage","@id":"https:\/\/gtluxe.com\/es\/ubicaciones\/","url":"https:\/\/gtluxe.com\/es\/ubicaciones\/","name":"Ubicaciones &#8902; Alquiler coches de lujo y deportivos en Europa con Ferrari","isPartOf":{"@id":"https:\/\/gtluxe.com\/#website"},"datePublished":"2020-02-18T09:45:31+00:00","dateModified":"2020-05-08T11:12:14+00:00","description":"Alquiler un Coche de Lujo en Europa con Ferrari, Porsche, Lamborghini. Entrega en Cualquier Lugar. Alquiler de coches de lujo y deportivos al mejor precio.","breadcrumb":{"@id":"https:\/\/gtluxe.com\/es\/ubicaciones\/#breadcrumb"},"inLanguage":"es","potentialAction":[{"@type":"ReadAction","target":["https:\/\/gtluxe.com\/es\/ubicaciones\/"]}]},{"@type":"BreadcrumbList","@id":"https:\/\/gtluxe.com\/es\/ubicaciones\/#breadcrumb","itemListElement":[{"@type":"ListItem","position":1,"name":"Portada","item":"https:\/\/gtluxe.com\/es\/"},{"@type":"ListItem","position":2,"name":"Ubicaciones"}]}]}},"_links":{"self":[{"href":"https:\/\/gtluxe.com\/es\/wp-json\/wp\/v2\/pages\/4543"}],"collection":[{"href":"https:\/\/gtluxe.com\/es\/wp-json\/wp\/v2\/pages"}],"about":[{"href":"https:\/\/gtluxe.com\/es\/wp-json\/wp\/v2\/types\/page"}],"author":[{"embeddable":true,"href":"https:\/\/gtluxe.com\/es\/wp-json\/wp\/v2\/users\/5"}],"replies":[{"embeddable":true,"href":"https:\/\/gtluxe.com\/es\/wp-json\/wp\/v2\/comments?post=4543"}],"version-history":[{"count":31,"href":"https:\/\/gtluxe.com\/es\/wp-json\/wp\/v2\/pages\/4543\/revisions"}],"predecessor-version":[{"id":1720025,"href":"https:\/\/gtluxe.com\/es\/wp-json\/wp\/v2\/pages\/4543\/revisions\/1720025"}],"wp:attachment":[{"href":"https:\/\/gtluxe.com\/es\/wp-json\/wp\/v2\/media?parent=4543"}],"curies":[{"name":"wp","href":"https:\/\/api.w.org\/{rel}","templated":true}]}}